{"id":114,"date":"2026-02-17T16:17:11","date_gmt":"2026-02-17T16:17:11","guid":{"rendered":"https:\/\/sinai-it.xyz\/de\/?page_id=114"},"modified":"2026-03-07T08:28:20","modified_gmt":"2026-03-07T08:28:20","slug":"pakistan-kinder","status":"publish","type":"page","link":"https:\/\/sinai-it.xyz\/de\/pakistan\/pakistan-kinder\/","title":{"rendered":"Kinder in Pakistan"},"content":{"rendered":"<div class=\"d-flex row justify-content-between align-items-center mb-9\">\n            <!-- Start of left side of images right -->\n        <div class=\"col-lg-5 me-auto mb-6 mb-lg-0\">\n                            <h2 class=\"mb-4 mb-lg-5 display-5 position-relative\">\n                    Bildung f\u00fcr Kinder                <\/h2>\n                <p class=\"lead mb-5\">Sinai widmet besondere Aufmerksamkeit allen Kindern, die sich in schwierigen Lebenssituationen befinden. Das Projekt \u201eBildung f\u00fcr Kinder\u201c besteht darin, ihnen Unterst\u00fctzung durch Nachmittags- bzw. F\u00f6rderprogramme anzubieten, ihnen Lesen und Schreiben beizubringen und Schulmaterial bereitzustellen.<\/p>                <div>\n                    <a href=\"https:\/\/sinai-it.xyz\/de\/dona\" class=\"btn btn-lg px-4 px-lg-5 btn-primary rounded-pill donation-button\">\n                        Unterst\u00fctzen Sie die Kinder in Pakistan                        <i class=\"bi bi-chevron-right\"><\/i>\n                    <\/a>\n                <\/div>\n                    <!-- End of left side of images right -->\n        <\/div>\n        \n        <!-- Start of right side of images right -->\n        <div class=\"col-lg-6\">\n                            <!--Hero-->\n                <section class=\"position-relative overflow-hidden\">\n                    <!-- Swiper slider -->\n                    <div class=\"swiper-container swiper-classic\">\n                        <!-- Swiper wrapper -->\n                        <div class=\"swiper-wrapper\">\n                                                    <!-- slide item -->\n                            <div class=\"swiper-slide\" style=\"background-image:url('https:\/\/sinai-it.xyz\/de\/wp-content\/uploads\/sites\/4\/2026\/02\/IMG-20210304-WA0041-1024x486-1.jpg'); border-radius:25px;\">\n                                <div class=\"position-absolute start-0 top-0 w-100 h-100\"><\/div>\n                                <div class=\"container-fluid text-white d-flex align-items-center h-100\">\n                                    <div class=\"row pt-5 w-100\">\n                                        <div class=\"col-xl-8 col-lg-10 mx-auto text-center\">\n                                            \n                                        <\/div>\n                                    <\/div>\n                                <\/div>\n                            <\/div>\n                                                    <!-- slide item -->\n                            <div class=\"swiper-slide\" style=\"background-image:url('https:\/\/sinai-it.xyz\/de\/wp-content\/uploads\/sites\/4\/2026\/02\/IMG-20210304-WA0002-1024x768-1.jpg'); border-radius:25px;\">\n                                <div class=\"position-absolute start-0 top-0 w-100 h-100\"><\/div>\n                                <div class=\"container-fluid text-white d-flex align-items-center h-100\">\n                                    <div class=\"row pt-5 w-100\">\n                                        <div class=\"col-xl-8 col-lg-10 mx-auto text-center\">\n                                            \n                                        <\/div>\n                                    <\/div>\n                                <\/div>\n                            <\/div>\n                                                    <!-- slide item -->\n                            <div class=\"swiper-slide\" style=\"background-image:url('https:\/\/sinai-it.xyz\/de\/wp-content\/uploads\/sites\/4\/2026\/02\/IMG-20210222-WA0056-1024x768-1.jpg'); border-radius:25px;\">\n                                <div class=\"position-absolute start-0 top-0 w-100 h-100\"><\/div>\n                                <div class=\"container-fluid text-white d-flex align-items-center h-100\">\n                                    <div class=\"row pt-5 w-100\">\n                                        <div class=\"col-xl-8 col-lg-10 mx-auto text-center\">\n                                            \n                                        <\/div>\n                                    <\/div>\n                                <\/div>\n                            <\/div>\n                                                    <!-- slide item -->\n                            <div class=\"swiper-slide\" style=\"background-image:url('https:\/\/sinai-it.xyz\/de\/wp-content\/uploads\/sites\/4\/2026\/02\/IMG-20210220-WA0010-1024x768-1.jpg'); border-radius:25px;\">\n                                <div class=\"position-absolute start-0 top-0 w-100 h-100\"><\/div>\n                                <div class=\"container-fluid text-white d-flex align-items-center h-100\">\n                                    <div class=\"row pt-5 w-100\">\n                                        <div class=\"col-xl-8 col-lg-10 mx-auto text-center\">\n                                            \n                                        <\/div>\n                                    <\/div>\n                                <\/div>\n                            <\/div>\n                                                <\/div>\n                        <!-- Slider pagination -->\n                        <div class=\"swiper-pagination swiperClassic-pagination text-white\"><\/div>\n                        <!-- Slider Arrow -->\n                        <div class=\"swiper-button-prev swiperClassic-button-prev bg-transparent width-5x height-5x text-white\">\n                        <\/div>\n                        <!-- Slider Arrow -->\n                        <div class=\"swiper-button-next swiperClassic-button-next bg-transparent width-5x height-5x text-white\">\n                        <\/div>\n                    <\/div>\n                <\/section>\n                <!--\/.Slider end-->\n                    <!-- End of right side of images right -->\n        <\/div>\n    <\/div>\n\n<div class=\"d-flex row justify-content-between align-items-center mb-9\">\n            <!-- Images left -->\n        <div class=\"col-lg-6 order-xxl-first order-xl-first order-lg-first order-md-last order-sm-last order-last\">                     <!--Hero-->\n            <section class=\"position-relative overflow-hidden\">\n                <!-- Swiper slider -->\n                <div class=\"swiper-container swiper-classic\">\n                    <!-- Swiper wrapper -->\n                    <div class=\"swiper-wrapper\">\n                                            <!-- slide item -->\n                        <div class=\"swiper-slide\" style=\"background-image:url('https:\/\/sinai-it.xyz\/de\/wp-content\/uploads\/sites\/4\/2026\/02\/IMG-20210304-WA0041-1024x486-1.jpg'); border-radius:25px;\">\n                            <div class=\"position-absolute start-0 top-0 w-50 h-50\">\n                            <\/div>\n                            <div class=\"container-fluid text-white d-flex align-items-center h-50\">\n                                <div class=\"row pt-5 w-50\">\n                                    <div class=\"col-xl-8 col-lg-10 mx-auto text-center\"> \n                                    <\/div>\n                                <\/div>\n                            <\/div>\n                        <\/div>\n                                            <!-- slide item -->\n                        <div class=\"swiper-slide\" style=\"background-image:url('https:\/\/sinai-it.xyz\/de\/wp-content\/uploads\/sites\/4\/2026\/02\/IMG-20210304-WA0002-1024x768-1.jpg'); border-radius:25px;\">\n                            <div class=\"position-absolute start-0 top-0 w-50 h-50\">\n                            <\/div>\n                            <div class=\"container-fluid text-white d-flex align-items-center h-50\">\n                                <div class=\"row pt-5 w-50\">\n                                    <div class=\"col-xl-8 col-lg-10 mx-auto text-center\"> \n                                    <\/div>\n                                <\/div>\n                            <\/div>\n                        <\/div>\n                                            <!-- slide item -->\n                        <div class=\"swiper-slide\" style=\"background-image:url('https:\/\/sinai-it.xyz\/de\/wp-content\/uploads\/sites\/4\/2026\/02\/IMG-20210220-WA0010-1024x768-1.jpg'); border-radius:25px;\">\n                            <div class=\"position-absolute start-0 top-0 w-50 h-50\">\n                            <\/div>\n                            <div class=\"container-fluid text-white d-flex align-items-center h-50\">\n                                <div class=\"row pt-5 w-50\">\n                                    <div class=\"col-xl-8 col-lg-10 mx-auto text-center\"> \n                                    <\/div>\n                                <\/div>\n                            <\/div>\n                        <\/div>\n                                            <!-- slide item -->\n                        <div class=\"swiper-slide\" style=\"background-image:url('https:\/\/sinai-it.xyz\/de\/wp-content\/uploads\/sites\/4\/2026\/02\/IMG-20210222-WA0056-1024x768-1.jpg'); border-radius:25px;\">\n                            <div class=\"position-absolute start-0 top-0 w-50 h-50\">\n                            <\/div>\n                            <div class=\"container-fluid text-white d-flex align-items-center h-50\">\n                                <div class=\"row pt-5 w-50\">\n                                    <div class=\"col-xl-8 col-lg-10 mx-auto text-center\"> \n                                    <\/div>\n                                <\/div>\n                            <\/div>\n                        <\/div>\n                                        <\/div>\n                    <!-- Slider pagination -->\n                    <div class=\"swiper-pagination swiperClassic-pagination text-white\">\n                    <\/div>\n                    <!-- Slider Arrow -->\n                    <div class=\"swiper-button-prev swiperClassic-button-prev bg-transparent width-5x height-5x text-white\">\n                    <\/div>\n                    <!-- Slider Arrow -->\n                    <div class=\"swiper-button-next swiperClassic-button-next bg-transparent width-5x height-5x text-white\">\n                    <\/div>\n                <\/div>\n            <\/section>\n            <!--\/.Slider end-->\n                <\/div>\n        <div class=\"col-lg-5 ms-auto mb-6 mb-lg-0 order-xxl-last order-xl-last order-lg-last order-md-first order-sm-first order-first\">                             <h2 class=\"mb-4 mb-lg-5 display-5 position-relative\">\n                    Gesundheit der Kinder                <\/h2>\n                <p class=\"lead mb-5\">F\u00fcr ein gesundes Wachstum ist auch eine gesunde Ern\u00e4hrung unerl\u00e4sslich. Sinai setzt sich daf\u00fcr ein, jedem Kind, das an den Unterrichtsstunden teilnimmt, eine warme Mahlzeit anzubieten. Dar\u00fcber hinaus werden regelm\u00e4\u00dfig Lebensmittel an bed\u00fcrftige Familien verteilt.<\/p>                <div>\n                    <a href=\"https:\/\/sinai-it.xyz\/de\/dona\" class=\"btn btn-lg px-4 px-lg-5 btn-primary rounded-pill\">\n                        Unterst\u00fctzen Sie die Kinder in Pakistan                        <i class=\"bi bi-chevron-right\"><\/i>\n                    <\/a>\n                <\/div>\n                        <\/div>     <\/div>","protected":false},"excerpt":{"rendered":"","protected":false},"author":1,"featured_media":135,"parent":36,"menu_order":0,"comment_status":"closed","ping_status":"closed","template":"page-services.php","meta":{"_acf_changed":false,"footnotes":""},"tags":[],"class_list":["post-114","page","type-page","status-publish","has-post-thumbnail","hentry"],"acf":[],"_links":{"self":[{"href":"https:\/\/sinai-it.xyz\/de\/wp-json\/wp\/v2\/pages\/114","targetHints":{"allow":["GET"]}}],"collection":[{"href":"https:\/\/sinai-it.xyz\/de\/wp-json\/wp\/v2\/pages"}],"about":[{"href":"https:\/\/sinai-it.xyz\/de\/wp-json\/wp\/v2\/types\/page"}],"author":[{"embeddable":true,"href":"https:\/\/sinai-it.xyz\/de\/wp-json\/wp\/v2\/users\/1"}],"replies":[{"embeddable":true,"href":"https:\/\/sinai-it.xyz\/de\/wp-json\/wp\/v2\/comments?post=114"}],"version-history":[{"count":20,"href":"https:\/\/sinai-it.xyz\/de\/wp-json\/wp\/v2\/pages\/114\/revisions"}],"predecessor-version":[{"id":387,"href":"https:\/\/sinai-it.xyz\/de\/wp-json\/wp\/v2\/pages\/114\/revisions\/387"}],"up":[{"embeddable":true,"href":"https:\/\/sinai-it.xyz\/de\/wp-json\/wp\/v2\/pages\/36"}],"wp:featuredmedia":[{"embeddable":true,"href":"https:\/\/sinai-it.xyz\/de\/wp-json\/wp\/v2\/media\/135"}],"wp:attachment":[{"href":"https:\/\/sinai-it.xyz\/de\/wp-json\/wp\/v2\/media?parent=114"}],"wp:term":[{"taxonomy":"post_tag","embeddable":true,"href":"https:\/\/sinai-it.xyz\/de\/wp-json\/wp\/v2\/tags?post=114"}],"curies":[{"name":"wp","href":"https:\/\/api.w.org\/{rel}","templated":true}]}}