{"id":117,"date":"2026-02-17T16:32:18","date_gmt":"2026-02-17T16:32:18","guid":{"rendered":"https:\/\/sinai-it.xyz\/de\/?page_id=117"},"modified":"2026-03-06T15:57:22","modified_gmt":"2026-03-06T15:57:22","slug":"afghanistan","status":"publish","type":"page","link":"https:\/\/sinai-it.xyz\/de\/afghanistan\/","title":{"rendered":"Afghanistan"},"content":{"rendered":"\n<p>Seit einiger Zeit befindet sich Afghanistan in einer kritischen Situation. Nach der Einnahme von Kabul durch die Taliban waren Tausende afghanischer B\u00fcrger gezwungen, vor diesem harten Regime zu fliehen und in Nachbarl\u00e4nder wie Pakistan zu fliehen. Doch nachdem sie die Grenze \u00fcberquert haben, finden sich viele von ihnen auf den Stra\u00dfen wieder \u2013 ohne Nahrung und ohne Unterkunft.<\/p>\n\n\n\n<p>Frauen sind gezwungen zu betteln, um ihren Kindern Essen geben zu k\u00f6nnen, w\u00e4hrend Kinder Plastik und Dosen sammeln, um sie an Recyclinggesch\u00e4fte zu verkaufen und ein paar M\u00fcnzen zu verdienen.<br>Um auf diese Situation zu reagieren, hat die SINAI-Vereinigung beschlossen, afghanische Fl\u00fcchtlinge, die in Pakistan Zuflucht gefunden haben, zu unterst\u00fctzen und ihnen zu helfen \u2013 in Zusammenarbeit mit Freiwilligen und lokalen Kirchen.<\/p>\n\n\n\n<p>Die meisten dieser Menschen haben keine Arbeit, leiden an Unterern\u00e4hrung und haben keine M\u00f6glichkeit, medizinische Hilfe zu erhalten. Durch die Verteilung von Lebensmitteln und durch ein Free Medical Camp, das kostenlose Behandlungen, Medikamente und medizinische Beratung erm\u00f6glicht, unterst\u00fctzt SINAI Frauen, M\u00e4nner und Kinder dabei, aus dieser kritischen Situation herauszukommen.<\/p>\n\n\n<section class=\"position-relative overflow-hidden\">\n    <!-- Swiper slider -->\n    <div class=\"swiper-container swiper-classic\">\n        <!-- Swiper wrapper -->\n        <div class=\"swiper-wrapper\">\n            <!-- slide item -->\n                            <div class=\"swiper-slide\" style=\"background-image:url('https:\/\/sinai-it.xyz\/de\/wp-content\/uploads\/sites\/4\/2026\/02\/PRO.AFG-21.jpg')\">\n                    <div class=\"position-absolute start-0 top-0 w-100 h-100\"><\/div>\n                    <div class=\"container-fluid text-white d-flex align-items-center h-100\">\n                        <div class=\"row pt-5 w-100\">\n                            <div class=\"col-xl-8 col-lg-10 mx-auto text-center\">\n                            <\/div>\n                        <\/div>\n                    <\/div>\n                <\/div>\n                                <div class=\"swiper-slide\" style=\"background-image:url('https:\/\/sinai-it.xyz\/de\/wp-content\/uploads\/sites\/4\/2026\/02\/PRO.AFG-17.jpg')\">\n                    <div class=\"position-absolute start-0 top-0 w-100 h-100\"><\/div>\n                    <div class=\"container-fluid text-white d-flex align-items-center h-100\">\n                        <div class=\"row pt-5 w-100\">\n                            <div class=\"col-xl-8 col-lg-10 mx-auto text-center\">\n                            <\/div>\n                        <\/div>\n                    <\/div>\n                <\/div>\n                                <div class=\"swiper-slide\" style=\"background-image:url('https:\/\/sinai-it.xyz\/de\/wp-content\/uploads\/sites\/4\/2026\/02\/PRO.AFG-16.jpg')\">\n                    <div class=\"position-absolute start-0 top-0 w-100 h-100\"><\/div>\n                    <div class=\"container-fluid text-white d-flex align-items-center h-100\">\n                        <div class=\"row pt-5 w-100\">\n                            <div class=\"col-xl-8 col-lg-10 mx-auto text-center\">\n                            <\/div>\n                        <\/div>\n                    <\/div>\n                <\/div>\n                                <div class=\"swiper-slide\" style=\"background-image:url('https:\/\/sinai-it.xyz\/de\/wp-content\/uploads\/sites\/4\/2026\/02\/PRO.AFG-13.jpg')\">\n                    <div class=\"position-absolute start-0 top-0 w-100 h-100\"><\/div>\n                    <div class=\"container-fluid text-white d-flex align-items-center h-100\">\n                        <div class=\"row pt-5 w-100\">\n                            <div class=\"col-xl-8 col-lg-10 mx-auto text-center\">\n                            <\/div>\n                        <\/div>\n                    <\/div>\n                <\/div>\n                                <div class=\"swiper-slide\" style=\"background-image:url('https:\/\/sinai-it.xyz\/de\/wp-content\/uploads\/sites\/4\/2026\/02\/PRO.AFG-12.jpg')\">\n                    <div class=\"position-absolute start-0 top-0 w-100 h-100\"><\/div>\n                    <div class=\"container-fluid text-white d-flex align-items-center h-100\">\n                        <div class=\"row pt-5 w-100\">\n                            <div class=\"col-xl-8 col-lg-10 mx-auto text-center\">\n                            <\/div>\n                        <\/div>\n                    <\/div>\n                <\/div>\n                                <div class=\"swiper-slide\" style=\"background-image:url('https:\/\/sinai-it.xyz\/de\/wp-content\/uploads\/sites\/4\/2026\/02\/PRO.AFG-11.jpg')\">\n                    <div class=\"position-absolute start-0 top-0 w-100 h-100\"><\/div>\n                    <div class=\"container-fluid text-white d-flex align-items-center h-100\">\n                        <div class=\"row pt-5 w-100\">\n                            <div class=\"col-xl-8 col-lg-10 mx-auto text-center\">\n                            <\/div>\n                        <\/div>\n                    <\/div>\n                <\/div>\n                                <div class=\"swiper-slide\" style=\"background-image:url('https:\/\/sinai-it.xyz\/de\/wp-content\/uploads\/sites\/4\/2026\/02\/PRO.AFG-10.jpg')\">\n                    <div class=\"position-absolute start-0 top-0 w-100 h-100\"><\/div>\n                    <div class=\"container-fluid text-white d-flex align-items-center h-100\">\n                        <div class=\"row pt-5 w-100\">\n                            <div class=\"col-xl-8 col-lg-10 mx-auto text-center\">\n                            <\/div>\n                        <\/div>\n                    <\/div>\n                <\/div>\n                                <div class=\"swiper-slide\" style=\"background-image:url('https:\/\/sinai-it.xyz\/de\/wp-content\/uploads\/sites\/4\/2026\/02\/PRO.AFG-9.jpg')\">\n                    <div class=\"position-absolute start-0 top-0 w-100 h-100\"><\/div>\n                    <div class=\"container-fluid text-white d-flex align-items-center h-100\">\n                        <div class=\"row pt-5 w-100\">\n                            <div class=\"col-xl-8 col-lg-10 mx-auto text-center\">\n                            <\/div>\n                        <\/div>\n                    <\/div>\n                <\/div>\n                                <div class=\"swiper-slide\" style=\"background-image:url('https:\/\/sinai-it.xyz\/de\/wp-content\/uploads\/sites\/4\/2026\/02\/PRO.AFG-8.jpg')\">\n                    <div class=\"position-absolute start-0 top-0 w-100 h-100\"><\/div>\n                    <div class=\"container-fluid text-white d-flex align-items-center h-100\">\n                        <div class=\"row pt-5 w-100\">\n                            <div class=\"col-xl-8 col-lg-10 mx-auto text-center\">\n                            <\/div>\n                        <\/div>\n                    <\/div>\n                <\/div>\n                                <div class=\"swiper-slide\" style=\"background-image:url('https:\/\/sinai-it.xyz\/de\/wp-content\/uploads\/sites\/4\/2026\/02\/PRO.AFG-7.jpg')\">\n                    <div class=\"position-absolute start-0 top-0 w-100 h-100\"><\/div>\n                    <div class=\"container-fluid text-white d-flex align-items-center h-100\">\n                        <div class=\"row pt-5 w-100\">\n                            <div class=\"col-xl-8 col-lg-10 mx-auto text-center\">\n                            <\/div>\n                        <\/div>\n                    <\/div>\n                <\/div>\n                                <div class=\"swiper-slide\" style=\"background-image:url('https:\/\/sinai-it.xyz\/de\/wp-content\/uploads\/sites\/4\/2026\/02\/PRO.AFG-5.jpg')\">\n                    <div class=\"position-absolute start-0 top-0 w-100 h-100\"><\/div>\n                    <div class=\"container-fluid text-white d-flex align-items-center h-100\">\n                        <div class=\"row pt-5 w-100\">\n                            <div class=\"col-xl-8 col-lg-10 mx-auto text-center\">\n                            <\/div>\n                        <\/div>\n                    <\/div>\n                <\/div>\n                                <div class=\"swiper-slide\" style=\"background-image:url('https:\/\/sinai-it.xyz\/de\/wp-content\/uploads\/sites\/4\/2026\/02\/PRO.AFG-4.jpg')\">\n                    <div class=\"position-absolute start-0 top-0 w-100 h-100\"><\/div>\n                    <div class=\"container-fluid text-white d-flex align-items-center h-100\">\n                        <div class=\"row pt-5 w-100\">\n                            <div class=\"col-xl-8 col-lg-10 mx-auto text-center\">\n                            <\/div>\n                        <\/div>\n                    <\/div>\n                <\/div>\n                                <div class=\"swiper-slide\" style=\"background-image:url('https:\/\/sinai-it.xyz\/de\/wp-content\/uploads\/sites\/4\/2026\/02\/PRO.AFG-3.jpg')\">\n                    <div class=\"position-absolute start-0 top-0 w-100 h-100\"><\/div>\n                    <div class=\"container-fluid text-white d-flex align-items-center h-100\">\n                        <div class=\"row pt-5 w-100\">\n                            <div class=\"col-xl-8 col-lg-10 mx-auto text-center\">\n                            <\/div>\n                        <\/div>\n                    <\/div>\n                <\/div>\n                                <div class=\"swiper-slide\" style=\"background-image:url('https:\/\/sinai-it.xyz\/de\/wp-content\/uploads\/sites\/4\/2026\/02\/PRO.AFG-2.jpg')\">\n                    <div class=\"position-absolute start-0 top-0 w-100 h-100\"><\/div>\n                    <div class=\"container-fluid text-white d-flex align-items-center h-100\">\n                        <div class=\"row pt-5 w-100\">\n                            <div class=\"col-xl-8 col-lg-10 mx-auto text-center\">\n                            <\/div>\n                        <\/div>\n                    <\/div>\n                <\/div>\n                                <div class=\"swiper-slide\" style=\"background-image:url('https:\/\/sinai-it.xyz\/de\/wp-content\/uploads\/sites\/4\/2026\/02\/PRO.AFG-1.jpg')\">\n                    <div class=\"position-absolute start-0 top-0 w-100 h-100\"><\/div>\n                    <div class=\"container-fluid text-white d-flex align-items-center h-100\">\n                        <div class=\"row pt-5 w-100\">\n                            <div class=\"col-xl-8 col-lg-10 mx-auto text-center\">\n                            <\/div>\n                        <\/div>\n                    <\/div>\n                <\/div>\n                        <\/div>\n        <!-- Slider pagination -->\n        <div class=\"swiper-pagination swiperClassic-pagination text-white\"><\/div>\n        <!-- Slider Arrow -->\n        <div class=\"swiper-button-prev swiperClassic-button-prev bg-transparent width-5x height-5x text-white\">\n        <\/div>\n        <!-- Slider Arrow -->\n        <div class=\"swiper-button-next swiperClassic-button-next bg-transparent width-5x height-5x text-white\">\n        <\/div>\n    <\/div>\n<\/section>\n<!--\/.Slider end-->","protected":false},"excerpt":{"rendered":"<p>Seit einiger Zeit befindet sich Afghanistan in einer kritischen Situation. Nach der Einnahme von Kabul durch die Taliban waren Tausende afghanischer B\u00fcrger gezwungen, vor diesem harten Regime zu fliehen und in Nachbarl\u00e4nder wie Pakistan zu fliehen. Doch nachdem sie die Grenze \u00fcberquert haben, finden sich viele von ihnen auf den Stra\u00dfen wieder \u2013 ohne Nahrung [&hellip;]<\/p>\n","protected":false},"author":1,"featured_media":118,"parent":0,"menu_order":0,"comment_status":"closed","ping_status":"closed","template":"","meta":{"_acf_changed":false,"footnotes":""},"tags":[],"class_list":["post-117","page","type-page","status-publish","has-post-thumbnail","hentry"],"acf":[],"_links":{"self":[{"href":"https:\/\/sinai-it.xyz\/de\/wp-json\/wp\/v2\/pages\/117","targetHints":{"allow":["GET"]}}],"collection":[{"href":"https:\/\/sinai-it.xyz\/de\/wp-json\/wp\/v2\/pages"}],"about":[{"href":"https:\/\/sinai-it.xyz\/de\/wp-json\/wp\/v2\/types\/page"}],"author":[{"embeddable":true,"href":"https:\/\/sinai-it.xyz\/de\/wp-json\/wp\/v2\/users\/1"}],"replies":[{"embeddable":true,"href":"https:\/\/sinai-it.xyz\/de\/wp-json\/wp\/v2\/comments?post=117"}],"version-history":[{"count":5,"href":"https:\/\/sinai-it.xyz\/de\/wp-json\/wp\/v2\/pages\/117\/revisions"}],"predecessor-version":[{"id":361,"href":"https:\/\/sinai-it.xyz\/de\/wp-json\/wp\/v2\/pages\/117\/revisions\/361"}],"wp:featuredmedia":[{"embeddable":true,"href":"https:\/\/sinai-it.xyz\/de\/wp-json\/wp\/v2\/media\/118"}],"wp:attachment":[{"href":"https:\/\/sinai-it.xyz\/de\/wp-json\/wp\/v2\/media?parent=117"}],"wp:term":[{"taxonomy":"post_tag","embeddable":true,"href":"https:\/\/sinai-it.xyz\/de\/wp-json\/wp\/v2\/tags?post=117"}],"curies":[{"name":"wp","href":"https:\/\/api.w.org\/{rel}","templated":true}]}}