{"id":31,"date":"2026-02-16T11:11:57","date_gmt":"2026-02-16T11:11:57","guid":{"rendered":"https:\/\/sinai-it.xyz\/de\/?page_id=31"},"modified":"2026-03-09T12:02:37","modified_gmt":"2026-03-09T12:02:37","slug":"wer-wir-sind","status":"publish","type":"page","link":"https:\/\/sinai-it.xyz\/de\/wer-wir-sind\/","title":{"rendered":"Wer wir sind"},"content":{"rendered":"\n<h2 class=\"wp-block-heading\">Geschichte<\/h2>\n\n\n\n<p>Wir k\u00f6nnen nicht anders, als das traurige Leid hervorzuheben, in dem viele Menschen in zahlreichen L\u00e4ndern der Welt ihr Leben f\u00fchren. Gerade wegen dieses gro\u00dfen Leidens hat eine Gruppe von Freiwilligen den Wunsch im Herzen gehabt, die Vereinigung Sinai ins Leben zu rufen.<\/p>\n\n\n\n<p>Vor mehreren Jahren wurde ein junger Mann in einem fernen Land zusammen mit seiner Familie wegen seines Glaubens an Christus verfolgt. Nachdem sie zuvor alles besessen hatten, blieb ihnen nichts mehr, und \u00fcber viele lange Jahre hinweg versuchte er, sein Leben zu retten, indem er sich vor extremistischen Verfolgern versteckte. Er lebte jeden Tag in Hunger und Durst und hielt sich an dunklen und kalten Orten auf.<\/p>\n\n\n\n<p>Diese Erfahrung hat sein Herz ver\u00e4ndert und seine Familie tief miteinander verbunden. Nachdem sie der langen und harten Verfolgung entkommen waren und in Italien angekommen sind, sind der junge Mann und seine Familie nicht gleichg\u00fcltig geblieben.<\/p>\n\n\n\n<p>Nachdem sie selbst die Erfahrung gemacht haben, als Fl\u00fcchtlinge in einem fremden Land zu leben und gezwungen zu sein, ihr Leben von vorne zu beginnen, ist ihr Wunsch heute, den Menschen in Not zu helfen \u2013 ohne auf ihre Herkunft, ihre Hautfarbe oder ihre Religion zu schauen.<\/p>\n\n\n\n<p>Indem sie ihren N\u00e4chsten lieben wie sich selbst und vielen anderen die Kraft geben, neu anzufangen.<\/p>\n","protected":false},"excerpt":{"rendered":"<p>SINAI entstand aus der Geschichte und Erfahrung von Menschen, die gro\u00dfe Schwierigkeiten erlebt haben und nun anderen in ihrer Situation helfen m\u00f6chten.<\/p>\n","protected":false},"author":1,"featured_media":19,"parent":0,"menu_order":0,"comment_status":"closed","ping_status":"closed","template":"","meta":{"_acf_changed":false,"footnotes":""},"tags":[6],"class_list":["post-31","page","type-page","status-publish","has-post-thumbnail","hentry","tag-about"],"acf":[],"_links":{"self":[{"href":"https:\/\/sinai-it.xyz\/de\/wp-json\/wp\/v2\/pages\/31","targetHints":{"allow":["GET"]}}],"collection":[{"href":"https:\/\/sinai-it.xyz\/de\/wp-json\/wp\/v2\/pages"}],"about":[{"href":"https:\/\/sinai-it.xyz\/de\/wp-json\/wp\/v2\/types\/page"}],"author":[{"embeddable":true,"href":"https:\/\/sinai-it.xyz\/de\/wp-json\/wp\/v2\/users\/1"}],"replies":[{"embeddable":true,"href":"https:\/\/sinai-it.xyz\/de\/wp-json\/wp\/v2\/comments?post=31"}],"version-history":[{"count":4,"href":"https:\/\/sinai-it.xyz\/de\/wp-json\/wp\/v2\/pages\/31\/revisions"}],"predecessor-version":[{"id":464,"href":"https:\/\/sinai-it.xyz\/de\/wp-json\/wp\/v2\/pages\/31\/revisions\/464"}],"wp:featuredmedia":[{"embeddable":true,"href":"https:\/\/sinai-it.xyz\/de\/wp-json\/wp\/v2\/media\/19"}],"wp:attachment":[{"href":"https:\/\/sinai-it.xyz\/de\/wp-json\/wp\/v2\/media?parent=31"}],"wp:term":[{"taxonomy":"post_tag","embeddable":true,"href":"https:\/\/sinai-it.xyz\/de\/wp-json\/wp\/v2\/tags?post=31"}],"curies":[{"name":"wp","href":"https:\/\/api.w.org\/{rel}","templated":true}]}}