{"id":342,"date":"2026-03-06T08:58:58","date_gmt":"2026-03-06T08:58:58","guid":{"rendered":"https:\/\/sinai-it.xyz\/de\/?page_id=342"},"modified":"2026-03-09T12:21:21","modified_gmt":"2026-03-09T12:21:21","slug":"agape-bici","status":"publish","type":"page","link":"https:\/\/sinai-it.xyz\/de\/agape-bici\/","title":{"rendered":"Agape Bici"},"content":{"rendered":"<div class=\"wp-block-image\">\n<figure class=\"aligncenter size-large is-resized\"><img loading=\"lazy\" decoding=\"async\" width=\"1024\" height=\"1024\" src=\"https:\/\/sinai-it.xyz\/de\/wp-content\/uploads\/sites\/4\/2026\/03\/AB_LogoWeb-1024x1024.png\" alt=\"\" class=\"wp-image-344\" style=\"width:274px;height:auto\" srcset=\"https:\/\/sinai-it.xyz\/de\/wp-content\/uploads\/sites\/4\/2026\/03\/AB_LogoWeb-1024x1024.png 1024w, https:\/\/sinai-it.xyz\/de\/wp-content\/uploads\/sites\/4\/2026\/03\/AB_LogoWeb-300x300.png 300w, https:\/\/sinai-it.xyz\/de\/wp-content\/uploads\/sites\/4\/2026\/03\/AB_LogoWeb-150x150.png 150w, https:\/\/sinai-it.xyz\/de\/wp-content\/uploads\/sites\/4\/2026\/03\/AB_LogoWeb-768x768.png 768w, https:\/\/sinai-it.xyz\/de\/wp-content\/uploads\/sites\/4\/2026\/03\/AB_LogoWeb-1536x1536.png 1536w, https:\/\/sinai-it.xyz\/de\/wp-content\/uploads\/sites\/4\/2026\/03\/AB_LogoWeb.png 1920w\" sizes=\"auto, (max-width: 1024px) 100vw, 1024px\" \/><\/figure>\n<\/div>\n\n\n<p>Die Integration von Fl\u00fcchtlingen h\u00e4ngt auch von ihrer F\u00e4higkeit ab, sich fortzubewegen, um Italienischkurse, Arbeitspl\u00e4tze oder neue M\u00f6glichkeiten zu erreichen. Leider haben viele nicht die finanziellen Mittel, um \u00f6ffentliche Verkehrsmittel zu nutzen, andere finden Arbeitsstellen, die mit \u00f6ffentlichen Verkehrsmitteln nicht erreichbar sind, und wieder andere arbeiten zu Zeiten, in denen keine Verkehrsmittel verf\u00fcgbar sind.<\/p>\n\n\n\n<p>Agape Bici bietet eine konkrete L\u00f6sung f\u00fcr dieses Problem, indem Fahrr\u00e4der an Fl\u00fcchtlinge gespendet werden. Wir sammeln gebrauchte Fahrr\u00e4der von gro\u00dfz\u00fcgigen Spendern oder kaufen sie zu g\u00fcnstigen Preisen. Anschlie\u00dfend reparieren wir sie sorgf\u00e4ltig, um Sicherheit und Funktionalit\u00e4t zu gew\u00e4hrleisten, und \u00fcbergeben sie an diejenigen, die sie ben\u00f6tigen. Auf diese Weise erleichtern wir ihren Weg zur Integration in die Gesellschaft und zum Wiederaufbau ihres Lebens.<\/p>\n\n\n<section class=\"position-relative overflow-hidden\">\n    <!-- Swiper slider -->\n    <div class=\"swiper-container swiper-classic\">\n        <!-- Swiper wrapper -->\n        <div class=\"swiper-wrapper\">\n            <!-- slide item -->\n                            <div class=\"swiper-slide\" style=\"background-image:url('https:\/\/sinai-it.xyz\/de\/wp-content\/uploads\/sites\/4\/2026\/03\/AB_fotoWeb-3.jpg')\">\n                    <div class=\"position-absolute start-0 top-0 w-100 h-100\"><\/div>\n                    <div class=\"container-fluid text-white d-flex align-items-center h-100\">\n                        <div class=\"row pt-5 w-100\">\n                            <div class=\"col-xl-8 col-lg-10 mx-auto text-center\">\n                            <\/div>\n                        <\/div>\n                    <\/div>\n                <\/div>\n                                <div class=\"swiper-slide\" style=\"background-image:url('https:\/\/sinai-it.xyz\/de\/wp-content\/uploads\/sites\/4\/2026\/03\/AB_fotoWeb-4.jpg')\">\n                    <div class=\"position-absolute start-0 top-0 w-100 h-100\"><\/div>\n                    <div class=\"container-fluid text-white d-flex align-items-center h-100\">\n                        <div class=\"row pt-5 w-100\">\n                            <div class=\"col-xl-8 col-lg-10 mx-auto text-center\">\n                            <\/div>\n                        <\/div>\n                    <\/div>\n                <\/div>\n                                <div class=\"swiper-slide\" style=\"background-image:url('https:\/\/sinai-it.xyz\/de\/wp-content\/uploads\/sites\/4\/2026\/03\/AB_fotoWeb-5-1.jpg')\">\n                    <div class=\"position-absolute start-0 top-0 w-100 h-100\"><\/div>\n                    <div class=\"container-fluid text-white d-flex align-items-center h-100\">\n                        <div class=\"row pt-5 w-100\">\n                            <div class=\"col-xl-8 col-lg-10 mx-auto text-center\">\n                            <\/div>\n                        <\/div>\n                    <\/div>\n                <\/div>\n                                <div class=\"swiper-slide\" style=\"background-image:url('https:\/\/sinai-it.xyz\/de\/wp-content\/uploads\/sites\/4\/2026\/03\/AB_logoWeb.jpg')\">\n                    <div class=\"position-absolute start-0 top-0 w-100 h-100\"><\/div>\n                    <div class=\"container-fluid text-white d-flex align-items-center h-100\">\n                        <div class=\"row pt-5 w-100\">\n                            <div class=\"col-xl-8 col-lg-10 mx-auto text-center\">\n                            <\/div>\n                        <\/div>\n                    <\/div>\n                <\/div>\n                        <\/div>\n        <!-- Slider pagination -->\n        <div class=\"swiper-pagination swiperClassic-pagination text-white\"><\/div>\n        <!-- Slider Arrow -->\n        <div class=\"swiper-button-prev swiperClassic-button-prev bg-transparent width-5x height-5x text-white\">\n        <\/div>\n        <!-- Slider Arrow -->\n        <div class=\"swiper-button-next swiperClassic-button-next bg-transparent width-5x height-5x text-white\">\n        <\/div>\n    <\/div>\n<\/section>\n<!--\/.Slider end-->","protected":false},"excerpt":{"rendered":"<p>Agape Bici bietet eine konkrete L\u00f6sung f\u00fcr die Transportprobleme von Fl\u00fcchtlingen. Die Fahrr\u00e4der werden von Spendern gesammelt oder zu g\u00fcnstigen Preisen gekauft, anschlie\u00dfend repariert und an Bed\u00fcrftige \u00fcbergeben.<\/p>\n","protected":false},"author":1,"featured_media":343,"parent":0,"menu_order":0,"comment_status":"closed","ping_status":"closed","template":"","meta":{"_acf_changed":false,"footnotes":""},"tags":[7],"class_list":["post-342","page","type-page","status-publish","has-post-thumbnail","hentry","tag-italia"],"acf":[],"_links":{"self":[{"href":"https:\/\/sinai-it.xyz\/de\/wp-json\/wp\/v2\/pages\/342","targetHints":{"allow":["GET"]}}],"collection":[{"href":"https:\/\/sinai-it.xyz\/de\/wp-json\/wp\/v2\/pages"}],"about":[{"href":"https:\/\/sinai-it.xyz\/de\/wp-json\/wp\/v2\/types\/page"}],"author":[{"embeddable":true,"href":"https:\/\/sinai-it.xyz\/de\/wp-json\/wp\/v2\/users\/1"}],"replies":[{"embeddable":true,"href":"https:\/\/sinai-it.xyz\/de\/wp-json\/wp\/v2\/comments?post=342"}],"version-history":[{"count":5,"href":"https:\/\/sinai-it.xyz\/de\/wp-json\/wp\/v2\/pages\/342\/revisions"}],"predecessor-version":[{"id":468,"href":"https:\/\/sinai-it.xyz\/de\/wp-json\/wp\/v2\/pages\/342\/revisions\/468"}],"wp:featuredmedia":[{"embeddable":true,"href":"https:\/\/sinai-it.xyz\/de\/wp-json\/wp\/v2\/media\/343"}],"wp:attachment":[{"href":"https:\/\/sinai-it.xyz\/de\/wp-json\/wp\/v2\/media?parent=342"}],"wp:term":[{"taxonomy":"post_tag","embeddable":true,"href":"https:\/\/sinai-it.xyz\/de\/wp-json\/wp\/v2\/tags?post=342"}],"curies":[{"name":"wp","href":"https:\/\/api.w.org\/{rel}","templated":true}]}}