{"id":57,"date":"2026-03-09T00:00:27","date_gmt":"2026-03-09T00:00:27","guid":{"rendered":"https:\/\/sinai-it.xyz\/de\/?page_id=57"},"modified":"2026-03-09T12:20:33","modified_gmt":"2026-03-09T12:20:33","slug":"aktivitaten-fur-fluchtlinge","status":"publish","type":"page","link":"https:\/\/sinai-it.xyz\/de\/aktivitaten-fur-fluchtlinge\/","title":{"rendered":"Neue Freunde \u2013 Aktivit\u00e4ten f\u00fcr Fl\u00fcchtlinge"},"content":{"rendered":"\n<p>Wenn Fl\u00fcchtlinge ihr Herkunftsland verlassen und in einem fremden Land ankommen, m\u00fcssen sie ihr Leben neu ordnen und wieder aufbauen. Hier greift der Verein Sinai ein, indem er den \u201eNeuen Freunden\u201c hilft, sich zu integrieren, und ihnen beibringt, das Land zu lieben und zu respektieren, das sie aufgenommen hat, unabh\u00e4ngig von Hautfarbe oder Religionszugeh\u00f6rigkeit. Sie werden in verschiedene Ausbildungs- und Bildungskurse, sportliche Aktivit\u00e4ten und ehrenamtliche T\u00e4tigkeiten eingebunden. Au\u00dferdem leisten wir humanit\u00e4re Hilfe durch die Verteilung von Grundbed\u00fcrfnissen wie Lebensmitteln, Kleidung und Schuhen.<\/p>\n\n\n\n<h2 class=\"wp-block-heading\">Informatikkurs<\/h2>\n\n\n\n    <div id=\"projects\" data-isotope='{\"layoutMode\": \"masonry\"}' class=\"row\">        <div class=\"col-md-6 mb-4 bootstrap grid-item\">\n            <!--<a href=\"#!\" class=\"card-hover\">-->\n                <div class=\"overflow-hidden position-relative mb-4\">\n                    <img decoding=\"async\" src=\"https:\/\/sinai-it.xyz\/de\/wp-content\/uploads\/sites\/4\/2026\/02\/informtica-1-2048x1152-1.jpg\" alt=\"\" class=\"img-zoom img-fluid\">\n                <\/div>\n                <!--\n                <h5 class=\"mb-1\"><\/h5>\n                <span class=\"text-body-secondary\"><\/span>\n                -->\n            <!--<\/a>-->\n        <\/div>\n            <div class=\"col-md-6 mb-4 figma grid-item\">\n            <!--<a href=\"#!\" class=\"card-hover\">-->\n                <div class=\"overflow-hidden position-relative mb-4\">\n                    <img decoding=\"async\" src=\"https:\/\/sinai-it.xyz\/de\/wp-content\/uploads\/sites\/4\/2026\/02\/informatica-2-2048x1152-2.jpg\" alt=\"\" class=\"img-zoom img-fluid\">\n                <\/div>\n                <!--\n                <h5 class=\"mb-1\"><\/h5>\n                <span class=\"text-body-secondary\"><\/span>\n                -->\n            <!--<\/a>-->\n        <\/div>\n    <\/div>\n\n\n<h2 class=\"wp-block-heading\">N\u00e4hkurs<\/h2>\n\n\n\n    <div id=\"projects\" data-isotope='{\"layoutMode\": \"masonry\"}' class=\"row\">        <div class=\"col-md-6 mb-4 bootstrap grid-item\">\n            <!--<a href=\"#!\" class=\"card-hover\">-->\n                <div class=\"overflow-hidden position-relative mb-4\">\n                    <img decoding=\"async\" src=\"https:\/\/sinai-it.xyz\/de\/wp-content\/uploads\/sites\/4\/2026\/02\/cucito-1.jpg\" alt=\"\" class=\"img-zoom img-fluid\">\n                <\/div>\n                <!--\n                <h5 class=\"mb-1\"><\/h5>\n                <span class=\"text-body-secondary\"><\/span>\n                -->\n            <!--<\/a>-->\n        <\/div>\n            <div class=\"col-md-6 mb-4 figma grid-item\">\n            <!--<a href=\"#!\" class=\"card-hover\">-->\n                <div class=\"overflow-hidden position-relative mb-4\">\n                    <img decoding=\"async\" src=\"https:\/\/sinai-it.xyz\/de\/wp-content\/uploads\/sites\/4\/2026\/02\/cucito-2-1536x862-1.jpg\" alt=\"\" class=\"img-zoom img-fluid\">\n                <\/div>\n                <!--\n                <h5 class=\"mb-1\"><\/h5>\n                <span class=\"text-body-secondary\"><\/span>\n                -->\n            <!--<\/a>-->\n        <\/div>\n    <\/div>\n\n\n<h2 class=\"wp-block-heading\">Kochkurs<\/h2>\n\n\n\n    <div id=\"projects\" data-isotope='{\"layoutMode\": \"masonry\"}' class=\"row\">        <div class=\"col-md-6 mb-4 bootstrap grid-item\">\n            <!--<a href=\"#!\" class=\"card-hover\">-->\n                <div class=\"overflow-hidden position-relative mb-4\">\n                    <img decoding=\"async\" src=\"https:\/\/sinai-it.xyz\/de\/wp-content\/uploads\/sites\/4\/2026\/02\/Corso-di-Cucito-2-1536x864-1.jpeg\" alt=\"\" class=\"img-zoom img-fluid\">\n                <\/div>\n                <!--\n                <h5 class=\"mb-1\"><\/h5>\n                <span class=\"text-body-secondary\"><\/span>\n                -->\n            <!--<\/a>-->\n        <\/div>\n            <div class=\"col-md-6 mb-4 figma grid-item\">\n            <!--<a href=\"#!\" class=\"card-hover\">-->\n                <div class=\"overflow-hidden position-relative mb-4\">\n                    <img decoding=\"async\" src=\"https:\/\/sinai-it.xyz\/de\/wp-content\/uploads\/sites\/4\/2026\/02\/Corso-di-cucito-1536x864-1.jpeg\" alt=\"\" class=\"img-zoom img-fluid\">\n                <\/div>\n                <!--\n                <h5 class=\"mb-1\"><\/h5>\n                <span class=\"text-body-secondary\"><\/span>\n                -->\n            <!--<\/a>-->\n        <\/div>\n    <\/div>\n\n\n<h2 class=\"wp-block-heading\">Sportliche Aktivit\u00e4ten<\/h2>\n\n\n\n    <div id=\"projects\" data-isotope='{\"layoutMode\": \"masonry\"}' class=\"row\">        <div class=\"col-md-6 mb-4 bootstrap grid-item\">\n            <!--<a href=\"#!\" class=\"card-hover\">-->\n                <div class=\"overflow-hidden position-relative mb-4\">\n                    <img decoding=\"async\" src=\"https:\/\/sinai-it.xyz\/de\/wp-content\/uploads\/sites\/4\/2026\/02\/20191020_182619_001-2-1536x864-1.jpg\" alt=\"\" class=\"img-zoom img-fluid\">\n                <\/div>\n                <!--\n                <h5 class=\"mb-1\"><\/h5>\n                <span class=\"text-body-secondary\"><\/span>\n                -->\n            <!--<\/a>-->\n        <\/div>\n            <div class=\"col-md-6 mb-4 figma grid-item\">\n            <!--<a href=\"#!\" class=\"card-hover\">-->\n                <div class=\"overflow-hidden position-relative mb-4\">\n                    <img decoding=\"async\" src=\"https:\/\/sinai-it.xyz\/de\/wp-content\/uploads\/sites\/4\/2026\/02\/20191025_175230-1-1536x864-1.jpg\" alt=\"\" class=\"img-zoom img-fluid\">\n                <\/div>\n                <!--\n                <h5 class=\"mb-1\"><\/h5>\n                <span class=\"text-body-secondary\"><\/span>\n                -->\n            <!--<\/a>-->\n        <\/div>\n    <\/div><div id=\"projects\" data-isotope='{\"layoutMode\": \"masonry\"}' class=\"row\">        <div class=\"col-md-6 mb-4 bootstrap grid-item\">\n            <!--<a href=\"#!\" class=\"card-hover\">-->\n                <div class=\"overflow-hidden position-relative mb-4\">\n                    <img decoding=\"async\" src=\"https:\/\/sinai-it.xyz\/de\/wp-content\/uploads\/sites\/4\/2026\/02\/20191025_181721-2-1536x864-1.jpg\" alt=\"\" class=\"img-zoom img-fluid\">\n                <\/div>\n                <!--\n                <h5 class=\"mb-1\"><\/h5>\n                <span class=\"text-body-secondary\"><\/span>\n                -->\n            <!--<\/a>-->\n        <\/div>\n            <div class=\"col-md-6 mb-4 figma grid-item\">\n            <!--<a href=\"#!\" class=\"card-hover\">-->\n                <div class=\"overflow-hidden position-relative mb-4\">\n                    <img decoding=\"async\" src=\"https:\/\/sinai-it.xyz\/de\/wp-content\/uploads\/sites\/4\/2026\/02\/DSC00032-1-1536x864-1.jpg\" alt=\"\" class=\"img-zoom img-fluid\">\n                <\/div>\n                <!--\n                <h5 class=\"mb-1\"><\/h5>\n                <span class=\"text-body-secondary\"><\/span>\n                -->\n            <!--<\/a>-->\n        <\/div>\n    <\/div>\n\n\n<h2 class=\"wp-block-heading\">Freiwilligenarbeit<\/h2>\n\n\n\n    <div id=\"projects\" data-isotope='{\"layoutMode\": \"masonry\"}' class=\"row\">        <div class=\"col-md-6 mb-4 bootstrap grid-item\">\n            <!--<a href=\"#!\" class=\"card-hover\">-->\n                <div class=\"overflow-hidden position-relative mb-4\">\n                    <img decoding=\"async\" src=\"https:\/\/sinai-it.xyz\/de\/wp-content\/uploads\/sites\/4\/2026\/02\/20171018_123314-1536x864-1.jpg\" alt=\"\" class=\"img-zoom img-fluid\">\n                <\/div>\n                <!--\n                <h5 class=\"mb-1\"><\/h5>\n                <span class=\"text-body-secondary\"><\/span>\n                -->\n            <!--<\/a>-->\n        <\/div>\n            <div class=\"col-md-6 mb-4 figma grid-item\">\n            <!--<a href=\"#!\" class=\"card-hover\">-->\n                <div class=\"overflow-hidden position-relative mb-4\">\n                    <img decoding=\"async\" src=\"https:\/\/sinai-it.xyz\/de\/wp-content\/uploads\/sites\/4\/2026\/02\/20171018_124010-1536x864-1.jpg\" alt=\"\" class=\"img-zoom img-fluid\">\n                <\/div>\n                <!--\n                <h5 class=\"mb-1\"><\/h5>\n                <span class=\"text-body-secondary\"><\/span>\n                -->\n            <!--<\/a>-->\n        <\/div>\n    <\/div>","protected":false},"excerpt":{"rendered":"<p>Seit Beginn des Jahres 2021 sind mehr als 9.000 Fl\u00fcchtlinge in Italien angekommen. Die meisten kommen in Norditalien an. Helfen wir ihnen!<\/p>\n","protected":false},"author":1,"featured_media":304,"parent":0,"menu_order":0,"comment_status":"closed","ping_status":"closed","template":"","meta":{"_acf_changed":false,"footnotes":""},"tags":[7],"class_list":["post-57","page","type-page","status-publish","has-post-thumbnail","hentry","tag-italia"],"acf":[],"_links":{"self":[{"href":"https:\/\/sinai-it.xyz\/de\/wp-json\/wp\/v2\/pages\/57","targetHints":{"allow":["GET"]}}],"collection":[{"href":"https:\/\/sinai-it.xyz\/de\/wp-json\/wp\/v2\/pages"}],"about":[{"href":"https:\/\/sinai-it.xyz\/de\/wp-json\/wp\/v2\/types\/page"}],"author":[{"embeddable":true,"href":"https:\/\/sinai-it.xyz\/de\/wp-json\/wp\/v2\/users\/1"}],"replies":[{"embeddable":true,"href":"https:\/\/sinai-it.xyz\/de\/wp-json\/wp\/v2\/comments?post=57"}],"version-history":[{"count":11,"href":"https:\/\/sinai-it.xyz\/de\/wp-json\/wp\/v2\/pages\/57\/revisions"}],"predecessor-version":[{"id":467,"href":"https:\/\/sinai-it.xyz\/de\/wp-json\/wp\/v2\/pages\/57\/revisions\/467"}],"wp:featuredmedia":[{"embeddable":true,"href":"https:\/\/sinai-it.xyz\/de\/wp-json\/wp\/v2\/media\/304"}],"wp:attachment":[{"href":"https:\/\/sinai-it.xyz\/de\/wp-json\/wp\/v2\/media?parent=57"}],"wp:term":[{"taxonomy":"post_tag","embeddable":true,"href":"https:\/\/sinai-it.xyz\/de\/wp-json\/wp\/v2\/tags?post=57"}],"curies":[{"name":"wp","href":"https:\/\/api.w.org\/{rel}","templated":true}]}}