{"id":59,"date":"2026-03-08T12:29:27","date_gmt":"2026-03-08T12:29:27","guid":{"rendered":"https:\/\/sinai-it.xyz\/de\/?page_id=59"},"modified":"2026-03-09T12:20:18","modified_gmt":"2026-03-09T12:20:18","slug":"die-brucke","status":"publish","type":"page","link":"https:\/\/sinai-it.xyz\/de\/die-brucke\/","title":{"rendered":"Die Br\u00fccke"},"content":{"rendered":"\n<p>Wie der Name schon andeutet, dient dieses Projekt als Br\u00fccke zwischen Spendern und Bed\u00fcrftigen.<\/p>\n\n\n\n<p>Es handelt sich um eine Sammelstelle f\u00fcr Lebensmittel, Kleidung, Schuhe, Spielzeug und vieles mehr, die anschlie\u00dfend an Menschen in Not verteilt werden.<\/p>\n\n\n<section class=\"position-relative overflow-hidden\">\n    <!-- Swiper slider -->\n    <div class=\"swiper-container swiper-classic\">\n        <!-- Swiper wrapper -->\n        <div class=\"swiper-wrapper\">\n            <!-- slide item -->\n                            <div class=\"swiper-slide\" style=\"background-image:url('https:\/\/sinai-it.xyz\/de\/wp-content\/uploads\/sites\/4\/2026\/02\/Il-ponte-Sinai-5-1024x683-1.jpg')\">\n                    <div class=\"position-absolute start-0 top-0 w-100 h-100\"><\/div>\n                    <div class=\"container-fluid text-white d-flex align-items-center h-100\">\n                        <div class=\"row pt-5 w-100\">\n                            <div class=\"col-xl-8 col-lg-10 mx-auto text-center\">\n                            <\/div>\n                        <\/div>\n                    <\/div>\n                <\/div>\n                                <div class=\"swiper-slide\" style=\"background-image:url('https:\/\/sinai-it.xyz\/de\/wp-content\/uploads\/sites\/4\/2026\/02\/Il-ponte-Sinai-4-1024x683-1.jpg')\">\n                    <div class=\"position-absolute start-0 top-0 w-100 h-100\"><\/div>\n                    <div class=\"container-fluid text-white d-flex align-items-center h-100\">\n                        <div class=\"row pt-5 w-100\">\n                            <div class=\"col-xl-8 col-lg-10 mx-auto text-center\">\n                            <\/div>\n                        <\/div>\n                    <\/div>\n                <\/div>\n                                <div class=\"swiper-slide\" style=\"background-image:url('https:\/\/sinai-it.xyz\/de\/wp-content\/uploads\/sites\/4\/2026\/02\/Il-ponte-Sinai-3-1024x683-1.jpg')\">\n                    <div class=\"position-absolute start-0 top-0 w-100 h-100\"><\/div>\n                    <div class=\"container-fluid text-white d-flex align-items-center h-100\">\n                        <div class=\"row pt-5 w-100\">\n                            <div class=\"col-xl-8 col-lg-10 mx-auto text-center\">\n                            <\/div>\n                        <\/div>\n                    <\/div>\n                <\/div>\n                                <div class=\"swiper-slide\" style=\"background-image:url('https:\/\/sinai-it.xyz\/de\/wp-content\/uploads\/sites\/4\/2026\/02\/Il-ponte-Sinai-2-1024x683-2.jpg')\">\n                    <div class=\"position-absolute start-0 top-0 w-100 h-100\"><\/div>\n                    <div class=\"container-fluid text-white d-flex align-items-center h-100\">\n                        <div class=\"row pt-5 w-100\">\n                            <div class=\"col-xl-8 col-lg-10 mx-auto text-center\">\n                            <\/div>\n                        <\/div>\n                    <\/div>\n                <\/div>\n                                <div class=\"swiper-slide\" style=\"background-image:url('https:\/\/sinai-it.xyz\/de\/wp-content\/uploads\/sites\/4\/2026\/02\/Il-ponte-Sinai-1-1024x683-1.jpg')\">\n                    <div class=\"position-absolute start-0 top-0 w-100 h-100\"><\/div>\n                    <div class=\"container-fluid text-white d-flex align-items-center h-100\">\n                        <div class=\"row pt-5 w-100\">\n                            <div class=\"col-xl-8 col-lg-10 mx-auto text-center\">\n                            <\/div>\n                        <\/div>\n                    <\/div>\n                <\/div>\n                        <\/div>\n        <!-- Slider pagination -->\n        <div class=\"swiper-pagination swiperClassic-pagination text-white\"><\/div>\n        <!-- Slider Arrow -->\n        <div class=\"swiper-button-prev swiperClassic-button-prev bg-transparent width-5x height-5x text-white\">\n        <\/div>\n        <!-- Slider Arrow -->\n        <div class=\"swiper-button-next swiperClassic-button-next bg-transparent width-5x height-5x text-white\">\n        <\/div>\n    <\/div>\n<\/section>\n<!--\/.Slider end-->","protected":false},"excerpt":{"rendered":"<p>Eine Sammel- und Verteilstelle f\u00fcr G\u00fcter des t\u00e4glichen Bedarfs, die wie eine echte Br\u00fccke Spender mit Bed\u00fcrftigen verbindet.<\/p>\n","protected":false},"author":1,"featured_media":316,"parent":0,"menu_order":0,"comment_status":"closed","ping_status":"closed","template":"","meta":{"_acf_changed":false,"footnotes":""},"tags":[7],"class_list":["post-59","page","type-page","status-publish","has-post-thumbnail","hentry","tag-italia"],"acf":[],"_links":{"self":[{"href":"https:\/\/sinai-it.xyz\/de\/wp-json\/wp\/v2\/pages\/59","targetHints":{"allow":["GET"]}}],"collection":[{"href":"https:\/\/sinai-it.xyz\/de\/wp-json\/wp\/v2\/pages"}],"about":[{"href":"https:\/\/sinai-it.xyz\/de\/wp-json\/wp\/v2\/types\/page"}],"author":[{"embeddable":true,"href":"https:\/\/sinai-it.xyz\/de\/wp-json\/wp\/v2\/users\/1"}],"replies":[{"embeddable":true,"href":"https:\/\/sinai-it.xyz\/de\/wp-json\/wp\/v2\/comments?post=59"}],"version-history":[{"count":6,"href":"https:\/\/sinai-it.xyz\/de\/wp-json\/wp\/v2\/pages\/59\/revisions"}],"predecessor-version":[{"id":466,"href":"https:\/\/sinai-it.xyz\/de\/wp-json\/wp\/v2\/pages\/59\/revisions\/466"}],"wp:featuredmedia":[{"embeddable":true,"href":"https:\/\/sinai-it.xyz\/de\/wp-json\/wp\/v2\/media\/316"}],"wp:attachment":[{"href":"https:\/\/sinai-it.xyz\/de\/wp-json\/wp\/v2\/media?parent=59"}],"wp:term":[{"taxonomy":"post_tag","embeddable":true,"href":"https:\/\/sinai-it.xyz\/de\/wp-json\/wp\/v2\/tags?post=59"}],"curies":[{"name":"wp","href":"https:\/\/api.w.org\/{rel}","templated":true}]}}