{"id":60,"date":"2026-03-07T12:29:27","date_gmt":"2026-03-07T12:29:27","guid":{"rendered":"https:\/\/sinai-it.xyz\/de\/?page_id=60"},"modified":"2026-03-09T12:20:51","modified_gmt":"2026-03-09T12:20:51","slug":"nicht-nur-ein-wohnmobil","status":"publish","type":"page","link":"https:\/\/sinai-it.xyz\/de\/nicht-nur-ein-wohnmobil\/","title":{"rendered":"Nicht nur ein Wohnmobil"},"content":{"rendered":"<section class=\"position-relative overflow-hidden\">\n    <!-- Swiper slider -->\n    <div class=\"swiper-container swiper-classic\">\n        <!-- Swiper wrapper -->\n        <div class=\"swiper-wrapper\">\n            <!-- slide item -->\n                            <div class=\"swiper-slide\" style=\"background-image:url('https:\/\/sinai-it.xyz\/de\/wp-content\/uploads\/sites\/4\/2026\/02\/Non-Solo-Camper-1024x787-1.jpg')\">\n                    <div class=\"position-absolute start-0 top-0 w-100 h-100\"><\/div>\n                    <div class=\"container-fluid text-white d-flex align-items-center h-100\">\n                        <div class=\"row pt-5 w-100\">\n                            <div class=\"col-xl-8 col-lg-10 mx-auto text-center\">\n                            <\/div>\n                        <\/div>\n                    <\/div>\n                <\/div>\n                                <div class=\"swiper-slide\" style=\"background-image:url('https:\/\/sinai-it.xyz\/de\/wp-content\/uploads\/sites\/4\/2026\/02\/20210130_204105-1024x576-1.jpg')\">\n                    <div class=\"position-absolute start-0 top-0 w-100 h-100\"><\/div>\n                    <div class=\"container-fluid text-white d-flex align-items-center h-100\">\n                        <div class=\"row pt-5 w-100\">\n                            <div class=\"col-xl-8 col-lg-10 mx-auto text-center\">\n                            <\/div>\n                        <\/div>\n                    <\/div>\n                <\/div>\n                        <\/div>\n        <!-- Slider pagination -->\n        <div class=\"swiper-pagination swiperClassic-pagination text-white\"><\/div>\n        <!-- Slider Arrow -->\n        <div class=\"swiper-button-prev swiperClassic-button-prev bg-transparent width-5x height-5x text-white\">\n        <\/div>\n        <!-- Slider Arrow -->\n        <div class=\"swiper-button-next swiperClassic-button-next bg-transparent width-5x height-5x text-white\">\n        <\/div>\n    <\/div>\n<\/section>\n<!--\/.Slider end-->\n\n\n<p>Dieses Projekt nutzt, wie der Name schon sagt, ein Wohnmobil, das nicht nur \u201eein Wohnmobil\u201c ist, sondern vielmehr:<\/p>\n\n\n\n<ul class=\"wp-block-list\">\n<li>Eine \u201eSchule\u201c f\u00fcr Fl\u00fcchtlinge. Wir erreichen sie an Orten, an denen es keine M\u00f6glichkeit gibt, in festen Einrichtungen zu unterrichten. Das Wohnmobil wird genutzt, um Italienisch- und Computerkurse anzubieten, mit dem Ziel, ihnen eine Grundausbildung zu geben und ihnen zu helfen, sich leichter zu integrieren.<\/li>\n<\/ul>\n\n\n\n<ul class=\"wp-block-list\">\n<li>Ein \u201eZuhause\u201c f\u00fcr Obdachlose, denen eine warme Dusche und Essen angeboten werden.<\/li>\n<\/ul>\n\n\n\n<ul class=\"wp-block-list\">\n<li>Eine \u201eVerteilstelle\u201c f\u00fcr Grundbed\u00fcrfnisse, Lebensmittel und Kleidung.<\/li>\n<\/ul>\n","protected":false},"excerpt":{"rendered":"<p>Ein multifunktionales Fahrzeug, um entfernte Gemeinschaften und Menschen in Not zu erreichen. Ein Zuhause, eine Schule und ein Ort des Austauschs.<\/p>\n","protected":false},"author":1,"featured_media":319,"parent":0,"menu_order":0,"comment_status":"closed","ping_status":"closed","template":"","meta":{"_acf_changed":false,"footnotes":""},"tags":[7],"class_list":["post-60","page","type-page","status-publish","has-post-thumbnail","hentry","tag-italia"],"acf":[],"_links":{"self":[{"href":"https:\/\/sinai-it.xyz\/de\/wp-json\/wp\/v2\/pages\/60","targetHints":{"allow":["GET"]}}],"collection":[{"href":"https:\/\/sinai-it.xyz\/de\/wp-json\/wp\/v2\/pages"}],"about":[{"href":"https:\/\/sinai-it.xyz\/de\/wp-json\/wp\/v2\/types\/page"}],"author":[{"embeddable":true,"href":"https:\/\/sinai-it.xyz\/de\/wp-json\/wp\/v2\/users\/1"}],"replies":[{"embeddable":true,"href":"https:\/\/sinai-it.xyz\/de\/wp-json\/wp\/v2\/comments?post=60"}],"version-history":[{"count":5,"href":"https:\/\/sinai-it.xyz\/de\/wp-json\/wp\/v2\/pages\/60\/revisions"}],"predecessor-version":[{"id":435,"href":"https:\/\/sinai-it.xyz\/de\/wp-json\/wp\/v2\/pages\/60\/revisions\/435"}],"wp:featuredmedia":[{"embeddable":true,"href":"https:\/\/sinai-it.xyz\/de\/wp-json\/wp\/v2\/media\/319"}],"wp:attachment":[{"href":"https:\/\/sinai-it.xyz\/de\/wp-json\/wp\/v2\/media?parent=60"}],"wp:term":[{"taxonomy":"post_tag","embeddable":true,"href":"https:\/\/sinai-it.xyz\/de\/wp-json\/wp\/v2\/tags?post=60"}],"curies":[{"name":"wp","href":"https:\/\/api.w.org\/{rel}","templated":true}]}}