{"id":61,"date":"2026-03-05T12:29:27","date_gmt":"2026-03-05T12:29:27","guid":{"rendered":"https:\/\/sinai-it.xyz\/de\/?page_id=61"},"modified":"2026-03-09T12:22:22","modified_gmt":"2026-03-09T12:22:22","slug":"english-summer-camp","status":"publish","type":"page","link":"https:\/\/sinai-it.xyz\/de\/english-summer-camp\/","title":{"rendered":"ESC &#8211; English Summer Camp"},"content":{"rendered":"\n<p>L\u2019Associazione Sinai pone una particolare attenzione a tutti quei bambini che si trovano in situazioni di disagio a causa della persecuzione, cercando di portare loro beni di prima necessit\u00e0 al fine di garantire una buona crescita fisica e spirituale.<\/p>\n\n\n\n<p>Oltre a questo Sinai \u00e8 attiva nel promuovere e organizzare attivit\u00e0 per bambini di ogni provenienza come per esempio campi estivi diurni totalmente in lingua inglese con istruttori madre lingua, rivolti ai bambini dai 6 ai 12 anni fatto di tanto sport, attivit\u00e0 manuali, balletti e musica.<\/p>\n\n\n\n<button id=\"esc-enroll\" type=\"button\" class=\"btn btn-primary\">Iscrivere a English Camp<\/button>\n\n\n\n<hr class=\"wp-block-separator has-alpha-channel-opacity\"\/>\n\n\n<div class=\"wp-block-image\">\n<figure class=\"aligncenter size-full\"><img loading=\"lazy\" decoding=\"async\" width=\"600\" height=\"300\" src=\"https:\/\/sinai-it.xyz\/de\/wp-content\/uploads\/sites\/4\/2026\/02\/WebPage_Head-rfdi9bapufqvm0mzvpv2gsns8c4yyie1e5oygutltk.jpg\" alt=\"\" class=\"wp-image-325\" srcset=\"https:\/\/sinai-it.xyz\/de\/wp-content\/uploads\/sites\/4\/2026\/02\/WebPage_Head-rfdi9bapufqvm0mzvpv2gsns8c4yyie1e5oygutltk.jpg 600w, https:\/\/sinai-it.xyz\/de\/wp-content\/uploads\/sites\/4\/2026\/02\/WebPage_Head-rfdi9bapufqvm0mzvpv2gsns8c4yyie1e5oygutltk-300x150.jpg 300w\" sizes=\"auto, (max-width: 600px) 100vw, 600px\" \/><\/figure>\n<\/div>\n\n\n<p>Grazie per aver scelto di iscrivere i vostri figli all\u2019English Summer Camp 2025. Questo campo sportivo in inglese \u00e8 organizzato da SINAI Aps, con il patrocinio del Comune di Fino Mornasco e in collaborazione con ACP Humanitarian Aid, Emmanuel C.E.P., Associazione Mano Tesa Per, Circolo Ricreativo Finese, G.S. Junior e Associazione Scuola Famiglia. Siamo entusiasti di offrire ai partecipanti l\u2019opportunit\u00e0 di imparare in un ambiente divertente e stimolante, con il supporto di istruttori madrelingua inglesi, affiancati da animatori italiani.<\/p>\n\n\n\n<p>I vostri figli potranno praticare numerosi sport come beach volley, basket, baseball, frisbee, calcio e partecipare a giochi di team building. Non mancheranno anche attivit\u00e0 artistiche e musicali, dove potranno esprimersi attraverso il ballo, il canto e la realizzazione di lavoretti creativi. Ogni attivit\u00e0 sar\u00e0 pensata per aiutarli ad apprendere l\u2019inglese in modo naturale e divertente, senza tralasciare le emozionanti lezioni di lingua. Inoltre, tratteremo temi significativi per i ragazzi, ispirandoci ai principi e valori biblici.<\/p>\n\n\n\n<p>Il tema di quest\u2019anno \u00e8 \u201cSIDE BY SIDE\u201d. Presto riceverete ulteriori dettagli via email, utilizzando l\u2019indirizzo che fornirete al momento dell\u2019iscrizione.<\/p>\n\n\n\n<p>Vi aspettiamo per un\u2019esperienza indimenticabile!<\/p>\n\n\n\n<p>OPEN DAY 10 MAGGIO 2025, ore 14.30 \u2013 18.30 in Via Leonardo da Vinci, 16 \u2013 22073, Fino Mornasco (CO) presso il Circolo Ricreativo Finese<\/p>\n\n\n\n<p>Per ulteriori informazioni potete sempre contattarci:<\/p>\n\n\n\n<p>Email: camp@sinai-it.org<br>WhatsApp: +39 351 257 9669<\/p>\n\n\n\n<p>Ecco l\u2019orario delle attivit\u00e0 giornaliere:<\/p>\n\n\n\n<p>8:30 &#8211; Welcome<br>9:00 &#8211; Warm Up<br>9:45 &#8211; Sports<br>11:00 &#8211; Team Time<br>11:45 &#8211; Lunch (Catering)<br>12:30 &#8211; Recreation<br>12:45 &#8211; Crafts\/Song<br>14:00 &#8211; Sports<br>16:00 &#8211; Snack (Merenda al sacco\/possibilit\u00e0 di acquistare al bar in loco)<br>16:30 &#8211; Finish line<br>17:00 \u2013 Pick Up<\/p>\n\n\n\n<p>Si prega di notare che i posti sono limitati, lo svolgimento delle attivit\u00e0 saranno subordinate alle norme ed ai protocolli anti Covid-19 prescritti dagli enti competenti<\/p>\n","protected":false},"excerpt":{"rendered":"<p>Verpassen Sie nicht die Gelegenheit, einen unvergesslichen Sommer zu erleben! Ein englischsprachiges Sommercamp mit muttersprachlichen Betreuern aus den Vereinigten Staaten, Kanada, dem Vereinigten K\u00f6nigreich und anderen europ\u00e4ischen L\u00e4ndern. Eine einzigartige Gelegenheit, Ihr Englisch zu verbessern, Spa\u00df an Sport- und Musikaktivit\u00e4ten zu haben und neue internationale Freundschaften zu schlie\u00dfen.<\/p>\n","protected":false},"author":1,"featured_media":323,"parent":0,"menu_order":0,"comment_status":"closed","ping_status":"closed","template":"page-esc.php","meta":{"_acf_changed":false,"footnotes":""},"tags":[7],"class_list":["post-61","page","type-page","status-publish","has-post-thumbnail","hentry","tag-italia"],"acf":[],"_links":{"self":[{"href":"https:\/\/sinai-it.xyz\/de\/wp-json\/wp\/v2\/pages\/61","targetHints":{"allow":["GET"]}}],"collection":[{"href":"https:\/\/sinai-it.xyz\/de\/wp-json\/wp\/v2\/pages"}],"about":[{"href":"https:\/\/sinai-it.xyz\/de\/wp-json\/wp\/v2\/types\/page"}],"author":[{"embeddable":true,"href":"https:\/\/sinai-it.xyz\/de\/wp-json\/wp\/v2\/users\/1"}],"replies":[{"embeddable":true,"href":"https:\/\/sinai-it.xyz\/de\/wp-json\/wp\/v2\/comments?post=61"}],"version-history":[{"count":7,"href":"https:\/\/sinai-it.xyz\/de\/wp-json\/wp\/v2\/pages\/61\/revisions"}],"predecessor-version":[{"id":470,"href":"https:\/\/sinai-it.xyz\/de\/wp-json\/wp\/v2\/pages\/61\/revisions\/470"}],"wp:featuredmedia":[{"embeddable":true,"href":"https:\/\/sinai-it.xyz\/de\/wp-json\/wp\/v2\/media\/323"}],"wp:attachment":[{"href":"https:\/\/sinai-it.xyz\/de\/wp-json\/wp\/v2\/media?parent=61"}],"wp:term":[{"taxonomy":"post_tag","embeddable":true,"href":"https:\/\/sinai-it.xyz\/de\/wp-json\/wp\/v2\/tags?post=61"}],"curies":[{"name":"wp","href":"https:\/\/api.w.org\/{rel}","templated":true}]}}