{"id":73,"date":"2026-02-16T12:30:25","date_gmt":"2026-02-16T12:30:25","guid":{"rendered":"https:\/\/sinai-it.xyz\/de\/?page_id=73"},"modified":"2026-03-07T07:10:28","modified_gmt":"2026-03-07T07:10:28","slug":"sinai-fur-den-frieden","status":"publish","type":"page","link":"https:\/\/sinai-it.xyz\/de\/sinai-fur-den-frieden\/","title":{"rendered":"FRIEDEN ZWISCHEN KULTUREN UND RELIGIONEN"},"content":{"rendered":"\n<p>Wir k\u00f6nnen nicht leugnen, dass Kultur und Religion oft Ursachen f\u00fcr harte Konflikte und Kriege sind. Frieden in der Welt erfordert ein gro\u00dfes Verst\u00e4ndnis zwischen verschiedenen Kulturen und Religionen. Hier zeigt der Verein Sinai eine gro\u00dfe geistige Offenheit, indem er Verst\u00e4ndnis und Respekt gegen\u00fcber dem N\u00e4chsten f\u00f6rdert, ein vertieftes Wissen \u00fcber verschiedene Religionen entwickelt und so versucht, das Gleichgewicht des Friedens zwischen den V\u00f6lkern zu bewahren.<\/p>\n\n\n\n    <div id=\"projects\" data-isotope='{\"layoutMode\": \"masonry\"}' class=\"row\">        <div class=\"col-md-6 mb-4 bootstrap grid-item\">\n            <!--<a href=\"#!\" class=\"card-hover\">-->\n                <div class=\"overflow-hidden position-relative mb-4\">\n                    <img decoding=\"async\" src=\"https:\/\/sinai-it.xyz\/de\/wp-content\/uploads\/sites\/4\/2026\/02\/Dialogo-1.jpeg\" alt=\"\" class=\"img-zoom img-fluid\">\n                <\/div>\n                <!--\n                <h5 class=\"mb-1\"><\/h5>\n                <span class=\"text-body-secondary\"><\/span>\n                -->\n            <!--<\/a>-->\n        <\/div>\n            <div class=\"col-md-6 mb-4 figma grid-item\">\n            <!--<a href=\"#!\" class=\"card-hover\">-->\n                <div class=\"overflow-hidden position-relative mb-4\">\n                    <img decoding=\"async\" src=\"https:\/\/sinai-it.xyz\/de\/wp-content\/uploads\/sites\/4\/2026\/02\/Conferenza-1.jpeg\" alt=\"\" class=\"img-zoom img-fluid\">\n                <\/div>\n                <!--\n                <h5 class=\"mb-1\"><\/h5>\n                <span class=\"text-body-secondary\"><\/span>\n                -->\n            <!--<\/a>-->\n        <\/div>\n    <\/div>","protected":false},"excerpt":{"rendered":"<p>Wir k\u00f6nnen nicht leugnen, dass Kultur und Religion oft Ursachen f\u00fcr harte Konflikte und Kriege sind. Frieden in der Welt erfordert ein gro\u00dfes Verst\u00e4ndnis zwischen verschiedenen Kulturen und Religionen. Hier zeigt der Verein Sinai eine gro\u00dfe geistige Offenheit, indem er Verst\u00e4ndnis und Respekt gegen\u00fcber dem N\u00e4chsten f\u00f6rdert, ein vertieftes Wissen \u00fcber verschiedene Religionen entwickelt und [&hellip;]<\/p>\n","protected":false},"author":1,"featured_media":331,"parent":0,"menu_order":0,"comment_status":"closed","ping_status":"closed","template":"","meta":{"_acf_changed":false,"footnotes":""},"tags":[],"class_list":["post-73","page","type-page","status-publish","has-post-thumbnail","hentry"],"acf":[],"_links":{"self":[{"href":"https:\/\/sinai-it.xyz\/de\/wp-json\/wp\/v2\/pages\/73","targetHints":{"allow":["GET"]}}],"collection":[{"href":"https:\/\/sinai-it.xyz\/de\/wp-json\/wp\/v2\/pages"}],"about":[{"href":"https:\/\/sinai-it.xyz\/de\/wp-json\/wp\/v2\/types\/page"}],"author":[{"embeddable":true,"href":"https:\/\/sinai-it.xyz\/de\/wp-json\/wp\/v2\/users\/1"}],"replies":[{"embeddable":true,"href":"https:\/\/sinai-it.xyz\/de\/wp-json\/wp\/v2\/comments?post=73"}],"version-history":[{"count":5,"href":"https:\/\/sinai-it.xyz\/de\/wp-json\/wp\/v2\/pages\/73\/revisions"}],"predecessor-version":[{"id":376,"href":"https:\/\/sinai-it.xyz\/de\/wp-json\/wp\/v2\/pages\/73\/revisions\/376"}],"wp:featuredmedia":[{"embeddable":true,"href":"https:\/\/sinai-it.xyz\/de\/wp-json\/wp\/v2\/media\/331"}],"wp:attachment":[{"href":"https:\/\/sinai-it.xyz\/de\/wp-json\/wp\/v2\/media?parent=73"}],"wp:term":[{"taxonomy":"post_tag","embeddable":true,"href":"https:\/\/sinai-it.xyz\/de\/wp-json\/wp\/v2\/tags?post=73"}],"curies":[{"name":"wp","href":"https:\/\/api.w.org\/{rel}","templated":true}]}}