{"id":114,"date":"2026-02-17T16:17:11","date_gmt":"2026-02-17T16:17:11","guid":{"rendered":"https:\/\/sinai-it.xyz\/fr\/?page_id=114"},"modified":"2026-03-07T08:28:23","modified_gmt":"2026-03-07T08:28:23","slug":"pakistan-enfants","status":"publish","type":"page","link":"https:\/\/sinai-it.xyz\/fr\/pakistan\/pakistan-enfants\/","title":{"rendered":"Enfants au Pakistan"},"content":{"rendered":"<div class=\"d-flex row justify-content-between align-items-center mb-9\">\n            <!-- Start of left side of images right -->\n        <div class=\"col-lg-5 me-auto mb-6 mb-lg-0\">\n                            <h2 class=\"mb-4 mb-lg-5 display-5 position-relative\">\n                    \u00c9ducation des enfants                <\/h2>\n                <p class=\"lead mb-5\">Sinai accorde une attention particuli\u00e8re \u00e0 tous les enfants qui vivent dans des situations difficiles. Le projet \u00ab \u00c9ducation pour les enfants \u00bb consiste \u00e0 leur offrir un soutien \u00e0 travers des activit\u00e9s p\u00e9riscolaires, en leur apprenant \u00e0 lire et \u00e0 \u00e9crire et en leur fournissant du mat\u00e9riel scolaire.<\/p>                <div>\n                    <a href=\"https:\/\/sinai-it.xyz\/fr\/dona\" class=\"btn btn-lg px-4 px-lg-5 btn-primary rounded-pill \">\n                        Soutenez les enfants au Pakistan                        <i class=\"bi bi-chevron-right\"><\/i>\n                    <\/a>\n                <\/div>\n                    <!-- End of left side of images right -->\n        <\/div>\n        \n        <!-- Start of right side of images right -->\n        <div class=\"col-lg-6\">\n                            <!--Hero-->\n                <section class=\"position-relative overflow-hidden\">\n                    <!-- Swiper slider -->\n                    <div class=\"swiper-container swiper-classic\">\n                        <!-- Swiper wrapper -->\n                        <div class=\"swiper-wrapper\">\n                                                    <!-- slide item -->\n                            <div class=\"swiper-slide\" style=\"background-image:url('https:\/\/sinai-it.xyz\/fr\/wp-content\/uploads\/sites\/3\/2026\/02\/IMG-20210304-WA0041-1024x486-1.jpg'); border-radius:25px;\">\n                                <div class=\"position-absolute start-0 top-0 w-100 h-100\"><\/div>\n                                <div class=\"container-fluid text-white d-flex align-items-center h-100\">\n                                    <div class=\"row pt-5 w-100\">\n                                        <div class=\"col-xl-8 col-lg-10 mx-auto text-center\">\n                                            \n                                        <\/div>\n                                    <\/div>\n                                <\/div>\n                            <\/div>\n                                                    <!-- slide item -->\n                            <div class=\"swiper-slide\" style=\"background-image:url('https:\/\/sinai-it.xyz\/fr\/wp-content\/uploads\/sites\/3\/2026\/02\/IMG-20210304-WA0002-1024x768-1.jpg'); border-radius:25px;\">\n                                <div class=\"position-absolute start-0 top-0 w-100 h-100\"><\/div>\n                                <div class=\"container-fluid text-white d-flex align-items-center h-100\">\n                                    <div class=\"row pt-5 w-100\">\n                                        <div class=\"col-xl-8 col-lg-10 mx-auto text-center\">\n                                            \n                                        <\/div>\n                                    <\/div>\n                                <\/div>\n                            <\/div>\n                                                    <!-- slide item -->\n                            <div class=\"swiper-slide\" style=\"background-image:url('https:\/\/sinai-it.xyz\/fr\/wp-content\/uploads\/sites\/3\/2026\/02\/IMG-20210222-WA0056-1024x768-1.jpg'); border-radius:25px;\">\n                                <div class=\"position-absolute start-0 top-0 w-100 h-100\"><\/div>\n                                <div class=\"container-fluid text-white d-flex align-items-center h-100\">\n                                    <div class=\"row pt-5 w-100\">\n                                        <div class=\"col-xl-8 col-lg-10 mx-auto text-center\">\n                                            \n                                        <\/div>\n                                    <\/div>\n                                <\/div>\n                            <\/div>\n                                                    <!-- slide item -->\n                            <div class=\"swiper-slide\" style=\"background-image:url('https:\/\/sinai-it.xyz\/fr\/wp-content\/uploads\/sites\/3\/2026\/02\/IMG-20210220-WA0010-1024x768-1.jpg'); border-radius:25px;\">\n                                <div class=\"position-absolute start-0 top-0 w-100 h-100\"><\/div>\n                                <div class=\"container-fluid text-white d-flex align-items-center h-100\">\n                                    <div class=\"row pt-5 w-100\">\n                                        <div class=\"col-xl-8 col-lg-10 mx-auto text-center\">\n                                            \n                                        <\/div>\n                                    <\/div>\n                                <\/div>\n                            <\/div>\n                                                <\/div>\n                        <!-- Slider pagination -->\n                        <div class=\"swiper-pagination swiperClassic-pagination text-white\"><\/div>\n                        <!-- Slider Arrow -->\n                        <div class=\"swiper-button-prev swiperClassic-button-prev bg-transparent width-5x height-5x text-white\">\n                        <\/div>\n                        <!-- Slider Arrow -->\n                        <div class=\"swiper-button-next swiperClassic-button-next bg-transparent width-5x height-5x text-white\">\n                        <\/div>\n                    <\/div>\n                <\/section>\n                <!--\/.Slider end-->\n                    <!-- End of right side of images right -->\n        <\/div>\n    <\/div>\n\n<div class=\"d-flex row justify-content-between align-items-center mb-9\">\n            <!-- Images left -->\n        <div class=\"col-lg-6 order-xxl-first order-xl-first order-lg-first order-md-last order-sm-last order-last\">                     <!--Hero-->\n            <section class=\"position-relative overflow-hidden\">\n                <!-- Swiper slider -->\n                <div class=\"swiper-container swiper-classic\">\n                    <!-- Swiper wrapper -->\n                    <div class=\"swiper-wrapper\">\n                                            <!-- slide item -->\n                        <div class=\"swiper-slide\" style=\"background-image:url('https:\/\/sinai-it.xyz\/fr\/wp-content\/uploads\/sites\/3\/2026\/02\/IMG-20210304-WA0041-1024x486-1.jpg'); border-radius:25px;\">\n                            <div class=\"position-absolute start-0 top-0 w-50 h-50\">\n                            <\/div>\n                            <div class=\"container-fluid text-white d-flex align-items-center h-50\">\n                                <div class=\"row pt-5 w-50\">\n                                    <div class=\"col-xl-8 col-lg-10 mx-auto text-center\"> \n                                    <\/div>\n                                <\/div>\n                            <\/div>\n                        <\/div>\n                                            <!-- slide item -->\n                        <div class=\"swiper-slide\" style=\"background-image:url('https:\/\/sinai-it.xyz\/fr\/wp-content\/uploads\/sites\/3\/2026\/02\/IMG-20210304-WA0002-1024x768-1.jpg'); border-radius:25px;\">\n                            <div class=\"position-absolute start-0 top-0 w-50 h-50\">\n                            <\/div>\n                            <div class=\"container-fluid text-white d-flex align-items-center h-50\">\n                                <div class=\"row pt-5 w-50\">\n                                    <div class=\"col-xl-8 col-lg-10 mx-auto text-center\"> \n                                    <\/div>\n                                <\/div>\n                            <\/div>\n                        <\/div>\n                                            <!-- slide item -->\n                        <div class=\"swiper-slide\" style=\"background-image:url('https:\/\/sinai-it.xyz\/fr\/wp-content\/uploads\/sites\/3\/2026\/02\/IMG-20210220-WA0010-1024x768-1.jpg'); border-radius:25px;\">\n                            <div class=\"position-absolute start-0 top-0 w-50 h-50\">\n                            <\/div>\n                            <div class=\"container-fluid text-white d-flex align-items-center h-50\">\n                                <div class=\"row pt-5 w-50\">\n                                    <div class=\"col-xl-8 col-lg-10 mx-auto text-center\"> \n                                    <\/div>\n                                <\/div>\n                            <\/div>\n                        <\/div>\n                                            <!-- slide item -->\n                        <div class=\"swiper-slide\" style=\"background-image:url('https:\/\/sinai-it.xyz\/fr\/wp-content\/uploads\/sites\/3\/2026\/02\/IMG-20210222-WA0056-1024x768-1.jpg'); border-radius:25px;\">\n                            <div class=\"position-absolute start-0 top-0 w-50 h-50\">\n                            <\/div>\n                            <div class=\"container-fluid text-white d-flex align-items-center h-50\">\n                                <div class=\"row pt-5 w-50\">\n                                    <div class=\"col-xl-8 col-lg-10 mx-auto text-center\"> \n                                    <\/div>\n                                <\/div>\n                            <\/div>\n                        <\/div>\n                                        <\/div>\n                    <!-- Slider pagination -->\n                    <div class=\"swiper-pagination swiperClassic-pagination text-white\">\n                    <\/div>\n                    <!-- Slider Arrow -->\n                    <div class=\"swiper-button-prev swiperClassic-button-prev bg-transparent width-5x height-5x text-white\">\n                    <\/div>\n                    <!-- Slider Arrow -->\n                    <div class=\"swiper-button-next swiperClassic-button-next bg-transparent width-5x height-5x text-white\">\n                    <\/div>\n                <\/div>\n            <\/section>\n            <!--\/.Slider end-->\n                <\/div>\n        <div class=\"col-lg-5 ms-auto mb-6 mb-lg-0 order-xxl-last order-xl-last order-lg-last order-md-first order-sm-first order-first\">                             <h2 class=\"mb-4 mb-lg-5 display-5 position-relative\">\n                    Sant\u00e9 des enfants                <\/h2>\n                <p class=\"lead mb-5\">Pour une croissance saine, une alimentation \u00e9quilibr\u00e9e est \u00e9galement indispensable. Sinai s\u2019engage \u00e0 offrir un repas chaud \u00e0 chaque enfant qui participe aux cours. De plus, des distributions p\u00e9riodiques de nourriture sont organis\u00e9es pour les familles dans le besoin.<\/p>                <div>\n                    <a href=\"https:\/\/sinai-it.xyz\/fr\/dona\" class=\"btn btn-lg px-4 px-lg-5 btn-primary rounded-pill\">\n                        Soutenez les enfants au Pakistan                        <i class=\"bi bi-chevron-right\"><\/i>\n                    <\/a>\n                <\/div>\n                        <\/div>     <\/div>","protected":false},"excerpt":{"rendered":"","protected":false},"author":1,"featured_media":135,"parent":36,"menu_order":0,"comment_status":"closed","ping_status":"closed","template":"page-services.php","meta":{"_acf_changed":false,"footnotes":""},"tags":[],"class_list":["post-114","page","type-page","status-publish","has-post-thumbnail","hentry"],"acf":[],"_links":{"self":[{"href":"https:\/\/sinai-it.xyz\/fr\/wp-json\/wp\/v2\/pages\/114","targetHints":{"allow":["GET"]}}],"collection":[{"href":"https:\/\/sinai-it.xyz\/fr\/wp-json\/wp\/v2\/pages"}],"about":[{"href":"https:\/\/sinai-it.xyz\/fr\/wp-json\/wp\/v2\/types\/page"}],"author":[{"embeddable":true,"href":"https:\/\/sinai-it.xyz\/fr\/wp-json\/wp\/v2\/users\/1"}],"replies":[{"embeddable":true,"href":"https:\/\/sinai-it.xyz\/fr\/wp-json\/wp\/v2\/comments?post=114"}],"version-history":[{"count":20,"href":"https:\/\/sinai-it.xyz\/fr\/wp-json\/wp\/v2\/pages\/114\/revisions"}],"predecessor-version":[{"id":398,"href":"https:\/\/sinai-it.xyz\/fr\/wp-json\/wp\/v2\/pages\/114\/revisions\/398"}],"up":[{"embeddable":true,"href":"https:\/\/sinai-it.xyz\/fr\/wp-json\/wp\/v2\/pages\/36"}],"wp:featuredmedia":[{"embeddable":true,"href":"https:\/\/sinai-it.xyz\/fr\/wp-json\/wp\/v2\/media\/135"}],"wp:attachment":[{"href":"https:\/\/sinai-it.xyz\/fr\/wp-json\/wp\/v2\/media?parent=114"}],"wp:term":[{"taxonomy":"post_tag","embeddable":true,"href":"https:\/\/sinai-it.xyz\/fr\/wp-json\/wp\/v2\/tags?post=114"}],"curies":[{"name":"wp","href":"https:\/\/api.w.org\/{rel}","templated":true}]}}