{"id":176,"date":"2026-02-18T13:00:52","date_gmt":"2026-02-18T13:00:52","guid":{"rendered":"https:\/\/sinai-it.xyz\/fr\/?page_id=176"},"modified":"2026-03-07T08:46:13","modified_gmt":"2026-03-07T08:46:13","slug":"familles-dans-le-besoin","status":"publish","type":"page","link":"https:\/\/sinai-it.xyz\/fr\/pakistan\/familles-dans-le-besoin\/","title":{"rendered":"Familles dans le besoin au Pakistan"},"content":{"rendered":"\n<p>Pendant la pand\u00e9mie de COVID-19, Sinai a aid\u00e9 plus de 200 familles dans le besoin en raison du manque de travail et d\u2019aides financi\u00e8res, en leur fournissant des biens de premi\u00e8re n\u00e9cessit\u00e9.<\/p>\n\n\n<section class=\"position-relative overflow-hidden\">\n    <!-- Swiper slider -->\n    <div class=\"swiper-container swiper-classic\">\n        <!-- Swiper wrapper -->\n        <div class=\"swiper-wrapper\">\n            <!-- slide item -->\n                            <div class=\"swiper-slide\" style=\"background-image:url('https:\/\/sinai-it.xyz\/fr\/wp-content\/uploads\/sites\/3\/2026\/02\/famiglie-bisognose-pakistan-10-1024x682-1.jpg')\">\n                    <div class=\"position-absolute start-0 top-0 w-100 h-100\"><\/div>\n                    <div class=\"container-fluid text-white d-flex align-items-center h-100\">\n                        <div class=\"row pt-5 w-100\">\n                            <div class=\"col-xl-8 col-lg-10 mx-auto text-center\">\n                            <\/div>\n                        <\/div>\n                    <\/div>\n                <\/div>\n                                <div class=\"swiper-slide\" style=\"background-image:url('https:\/\/sinai-it.xyz\/fr\/wp-content\/uploads\/sites\/3\/2026\/02\/famiglie-bisognose-pakistan-6-1024x768-1.jpg')\">\n                    <div class=\"position-absolute start-0 top-0 w-100 h-100\"><\/div>\n                    <div class=\"container-fluid text-white d-flex align-items-center h-100\">\n                        <div class=\"row pt-5 w-100\">\n                            <div class=\"col-xl-8 col-lg-10 mx-auto text-center\">\n                            <\/div>\n                        <\/div>\n                    <\/div>\n                <\/div>\n                                <div class=\"swiper-slide\" style=\"background-image:url('https:\/\/sinai-it.xyz\/fr\/wp-content\/uploads\/sites\/3\/2026\/02\/famiglie-bisognose-pakistan-3.jpg')\">\n                    <div class=\"position-absolute start-0 top-0 w-100 h-100\"><\/div>\n                    <div class=\"container-fluid text-white d-flex align-items-center h-100\">\n                        <div class=\"row pt-5 w-100\">\n                            <div class=\"col-xl-8 col-lg-10 mx-auto text-center\">\n                            <\/div>\n                        <\/div>\n                    <\/div>\n                <\/div>\n                                <div class=\"swiper-slide\" style=\"background-image:url('https:\/\/sinai-it.xyz\/fr\/wp-content\/uploads\/sites\/3\/2026\/02\/famiglie-bisognose-pakistan-2.jpg')\">\n                    <div class=\"position-absolute start-0 top-0 w-100 h-100\"><\/div>\n                    <div class=\"container-fluid text-white d-flex align-items-center h-100\">\n                        <div class=\"row pt-5 w-100\">\n                            <div class=\"col-xl-8 col-lg-10 mx-auto text-center\">\n                            <\/div>\n                        <\/div>\n                    <\/div>\n                <\/div>\n                        <\/div>\n        <!-- Slider pagination -->\n        <div class=\"swiper-pagination swiperClassic-pagination text-white\"><\/div>\n        <!-- Slider Arrow -->\n        <div class=\"swiper-button-prev swiperClassic-button-prev bg-transparent width-5x height-5x text-white\">\n        <\/div>\n        <!-- Slider Arrow -->\n        <div class=\"swiper-button-next swiperClassic-button-next bg-transparent width-5x height-5x text-white\">\n        <\/div>\n    <\/div>\n<\/section>\n<!--\/.Slider end-->","protected":false},"excerpt":{"rendered":"<p>Pendant la pand\u00e9mie de COVID-19, Sinai a aid\u00e9 plus de 200 familles dans le besoin en raison du manque de travail et d\u2019aides financi\u00e8res, en leur fournissant des biens de premi\u00e8re n\u00e9cessit\u00e9.<\/p>\n","protected":false},"author":1,"featured_media":174,"parent":36,"menu_order":0,"comment_status":"closed","ping_status":"closed","template":"","meta":{"_acf_changed":false,"footnotes":""},"tags":[],"class_list":["post-176","page","type-page","status-publish","has-post-thumbnail","hentry"],"acf":[],"_links":{"self":[{"href":"https:\/\/sinai-it.xyz\/fr\/wp-json\/wp\/v2\/pages\/176","targetHints":{"allow":["GET"]}}],"collection":[{"href":"https:\/\/sinai-it.xyz\/fr\/wp-json\/wp\/v2\/pages"}],"about":[{"href":"https:\/\/sinai-it.xyz\/fr\/wp-json\/wp\/v2\/types\/page"}],"author":[{"embeddable":true,"href":"https:\/\/sinai-it.xyz\/fr\/wp-json\/wp\/v2\/users\/1"}],"replies":[{"embeddable":true,"href":"https:\/\/sinai-it.xyz\/fr\/wp-json\/wp\/v2\/comments?post=176"}],"version-history":[{"count":3,"href":"https:\/\/sinai-it.xyz\/fr\/wp-json\/wp\/v2\/pages\/176\/revisions"}],"predecessor-version":[{"id":404,"href":"https:\/\/sinai-it.xyz\/fr\/wp-json\/wp\/v2\/pages\/176\/revisions\/404"}],"up":[{"embeddable":true,"href":"https:\/\/sinai-it.xyz\/fr\/wp-json\/wp\/v2\/pages\/36"}],"wp:featuredmedia":[{"embeddable":true,"href":"https:\/\/sinai-it.xyz\/fr\/wp-json\/wp\/v2\/media\/174"}],"wp:attachment":[{"href":"https:\/\/sinai-it.xyz\/fr\/wp-json\/wp\/v2\/media?parent=176"}],"wp:term":[{"taxonomy":"post_tag","embeddable":true,"href":"https:\/\/sinai-it.xyz\/fr\/wp-json\/wp\/v2\/tags?post=176"}],"curies":[{"name":"wp","href":"https:\/\/api.w.org\/{rel}","templated":true}]}}