{"id":193,"date":"2026-02-19T19:43:43","date_gmt":"2026-02-19T19:43:43","guid":{"rendered":"https:\/\/sinai-it.xyz\/fr\/?page_id=193"},"modified":"2026-03-08T07:10:04","modified_gmt":"2026-03-08T07:10:04","slug":"education-et-sante-des-enfants","status":"publish","type":"page","link":"https:\/\/sinai-it.xyz\/fr\/philippines\/education-et-sante-des-enfants\/","title":{"rendered":"\u00c9ducation et sant\u00e9 des enfants"},"content":{"rendered":"\n<p>Gr\u00e2ce \u00e0 une premi\u00e8re distribution de mat\u00e9riel scolaire, Sinai est \u00e9galement devenu actif aux Philippines afin de soutenir les enfants dans leur \u00e9ducation. Des cours commenceront bient\u00f4t pour ceux qui n\u2019ont pas la possibilit\u00e9 de fr\u00e9quenter une \u00e9cole.<\/p>\n\n\n\n<p>Sinai accorde une attention particuli\u00e8re \u00e0 l\u2019alimentation ainsi qu\u2019aux loisirs de ces enfants, en fournissant des repas chauds et en organisant des activit\u00e9s r\u00e9cr\u00e9atives.<\/p>\n\n\n<section class=\"position-relative overflow-hidden\">\n    <!-- Swiper slider -->\n    <div class=\"swiper-container swiper-classic\">\n        <!-- Swiper wrapper -->\n        <div class=\"swiper-wrapper\">\n            <!-- slide item -->\n                            <div class=\"swiper-slide\" style=\"background-image:url('https:\/\/sinai-it.xyz\/fr\/wp-content\/uploads\/sites\/3\/2026\/02\/Filippine-front-page-1-1024x768-1.jpg')\">\n                    <div class=\"position-absolute start-0 top-0 w-100 h-100\"><\/div>\n                    <div class=\"container-fluid text-white d-flex align-items-center h-100\">\n                        <div class=\"row pt-5 w-100\">\n                            <div class=\"col-xl-8 col-lg-10 mx-auto text-center\">\n                            <\/div>\n                        <\/div>\n                    <\/div>\n                <\/div>\n                                <div class=\"swiper-slide\" style=\"background-image:url('https:\/\/sinai-it.xyz\/fr\/wp-content\/uploads\/sites\/3\/2026\/02\/IMG20210417112816-min-rfdin2nsrjpxdb0e4baoz6v4wdc1hs3suk5k557274.jpg')\">\n                    <div class=\"position-absolute start-0 top-0 w-100 h-100\"><\/div>\n                    <div class=\"container-fluid text-white d-flex align-items-center h-100\">\n                        <div class=\"row pt-5 w-100\">\n                            <div class=\"col-xl-8 col-lg-10 mx-auto text-center\">\n                            <\/div>\n                        <\/div>\n                    <\/div>\n                <\/div>\n                                <div class=\"swiper-slide\" style=\"background-image:url('https:\/\/sinai-it.xyz\/fr\/wp-content\/uploads\/sites\/3\/2026\/02\/filippine-sinai-progetto-educazione-12-1024x577-1.jpg')\">\n                    <div class=\"position-absolute start-0 top-0 w-100 h-100\"><\/div>\n                    <div class=\"container-fluid text-white d-flex align-items-center h-100\">\n                        <div class=\"row pt-5 w-100\">\n                            <div class=\"col-xl-8 col-lg-10 mx-auto text-center\">\n                            <\/div>\n                        <\/div>\n                    <\/div>\n                <\/div>\n                                <div class=\"swiper-slide\" style=\"background-image:url('https:\/\/sinai-it.xyz\/fr\/wp-content\/uploads\/sites\/3\/2026\/02\/IMG20210409132126-min-1024x577-1.jpg')\">\n                    <div class=\"position-absolute start-0 top-0 w-100 h-100\"><\/div>\n                    <div class=\"container-fluid text-white d-flex align-items-center h-100\">\n                        <div class=\"row pt-5 w-100\">\n                            <div class=\"col-xl-8 col-lg-10 mx-auto text-center\">\n                            <\/div>\n                        <\/div>\n                    <\/div>\n                <\/div>\n                                <div class=\"swiper-slide\" style=\"background-image:url('https:\/\/sinai-it.xyz\/fr\/wp-content\/uploads\/sites\/3\/2026\/02\/IMG20210409132904-min-1024x577-1.jpg')\">\n                    <div class=\"position-absolute start-0 top-0 w-100 h-100\"><\/div>\n                    <div class=\"container-fluid text-white d-flex align-items-center h-100\">\n                        <div class=\"row pt-5 w-100\">\n                            <div class=\"col-xl-8 col-lg-10 mx-auto text-center\">\n                            <\/div>\n                        <\/div>\n                    <\/div>\n                <\/div>\n                                <div class=\"swiper-slide\" style=\"background-image:url('https:\/\/sinai-it.xyz\/fr\/wp-content\/uploads\/sites\/3\/2026\/02\/IMG20210409133419-min-1024x577-1.jpg')\">\n                    <div class=\"position-absolute start-0 top-0 w-100 h-100\"><\/div>\n                    <div class=\"container-fluid text-white d-flex align-items-center h-100\">\n                        <div class=\"row pt-5 w-100\">\n                            <div class=\"col-xl-8 col-lg-10 mx-auto text-center\">\n                            <\/div>\n                        <\/div>\n                    <\/div>\n                <\/div>\n                                <div class=\"swiper-slide\" style=\"background-image:url('https:\/\/sinai-it.xyz\/fr\/wp-content\/uploads\/sites\/3\/2026\/02\/IMG20210409134003-min-1024x577-1.jpg')\">\n                    <div class=\"position-absolute start-0 top-0 w-100 h-100\"><\/div>\n                    <div class=\"container-fluid text-white d-flex align-items-center h-100\">\n                        <div class=\"row pt-5 w-100\">\n                            <div class=\"col-xl-8 col-lg-10 mx-auto text-center\">\n                            <\/div>\n                        <\/div>\n                    <\/div>\n                <\/div>\n                                <div class=\"swiper-slide\" style=\"background-image:url('https:\/\/sinai-it.xyz\/fr\/wp-content\/uploads\/sites\/3\/2026\/02\/IMG20210417101053-min-1024x768-1.jpg')\">\n                    <div class=\"position-absolute start-0 top-0 w-100 h-100\"><\/div>\n                    <div class=\"container-fluid text-white d-flex align-items-center h-100\">\n                        <div class=\"row pt-5 w-100\">\n                            <div class=\"col-xl-8 col-lg-10 mx-auto text-center\">\n                            <\/div>\n                        <\/div>\n                    <\/div>\n                <\/div>\n                                <div class=\"swiper-slide\" style=\"background-image:url('https:\/\/sinai-it.xyz\/fr\/wp-content\/uploads\/sites\/3\/2026\/02\/IMG20210417103752-min-1024x768-1.jpg')\">\n                    <div class=\"position-absolute start-0 top-0 w-100 h-100\"><\/div>\n                    <div class=\"container-fluid text-white d-flex align-items-center h-100\">\n                        <div class=\"row pt-5 w-100\">\n                            <div class=\"col-xl-8 col-lg-10 mx-auto text-center\">\n                            <\/div>\n                        <\/div>\n                    <\/div>\n                <\/div>\n                                <div class=\"swiper-slide\" style=\"background-image:url('https:\/\/sinai-it.xyz\/fr\/wp-content\/uploads\/sites\/3\/2026\/02\/IMG20210417105822-min-1024x768-1.jpg')\">\n                    <div class=\"position-absolute start-0 top-0 w-100 h-100\"><\/div>\n                    <div class=\"container-fluid text-white d-flex align-items-center h-100\">\n                        <div class=\"row pt-5 w-100\">\n                            <div class=\"col-xl-8 col-lg-10 mx-auto text-center\">\n                            <\/div>\n                        <\/div>\n                    <\/div>\n                <\/div>\n                                <div class=\"swiper-slide\" style=\"background-image:url('https:\/\/sinai-it.xyz\/fr\/wp-content\/uploads\/sites\/3\/2026\/02\/IMG20210417110642-min-1024x768-1.jpg')\">\n                    <div class=\"position-absolute start-0 top-0 w-100 h-100\"><\/div>\n                    <div class=\"container-fluid text-white d-flex align-items-center h-100\">\n                        <div class=\"row pt-5 w-100\">\n                            <div class=\"col-xl-8 col-lg-10 mx-auto text-center\">\n                            <\/div>\n                        <\/div>\n                    <\/div>\n                <\/div>\n                        <\/div>\n        <!-- Slider pagination -->\n        <div class=\"swiper-pagination swiperClassic-pagination text-white\"><\/div>\n        <!-- Slider Arrow -->\n        <div class=\"swiper-button-prev swiperClassic-button-prev bg-transparent width-5x height-5x text-white\">\n        <\/div>\n        <!-- Slider Arrow -->\n        <div class=\"swiper-button-next swiperClassic-button-next bg-transparent width-5x height-5x text-white\">\n        <\/div>\n    <\/div>\n<\/section>\n<!--\/.Slider end-->\n\n\n<p><\/p>\n","protected":false},"excerpt":{"rendered":"<p>Gr\u00e2ce \u00e0 une premi\u00e8re distribution de mat\u00e9riel scolaire, Sinai est \u00e9galement devenu actif aux Philippines afin de soutenir les enfants dans leur \u00e9ducation. Des cours commenceront bient\u00f4t pour ceux qui n\u2019ont pas la possibilit\u00e9 de fr\u00e9quenter une \u00e9cole. Sinai accorde une attention particuli\u00e8re \u00e0 l\u2019alimentation ainsi qu\u2019aux loisirs de ces enfants, en fournissant des repas [&hellip;]<\/p>\n","protected":false},"author":1,"featured_media":204,"parent":37,"menu_order":0,"comment_status":"closed","ping_status":"closed","template":"","meta":{"_acf_changed":false,"footnotes":""},"tags":[],"class_list":["post-193","page","type-page","status-publish","has-post-thumbnail","hentry"],"acf":[],"_links":{"self":[{"href":"https:\/\/sinai-it.xyz\/fr\/wp-json\/wp\/v2\/pages\/193","targetHints":{"allow":["GET"]}}],"collection":[{"href":"https:\/\/sinai-it.xyz\/fr\/wp-json\/wp\/v2\/pages"}],"about":[{"href":"https:\/\/sinai-it.xyz\/fr\/wp-json\/wp\/v2\/types\/page"}],"author":[{"embeddable":true,"href":"https:\/\/sinai-it.xyz\/fr\/wp-json\/wp\/v2\/users\/1"}],"replies":[{"embeddable":true,"href":"https:\/\/sinai-it.xyz\/fr\/wp-json\/wp\/v2\/comments?post=193"}],"version-history":[{"count":6,"href":"https:\/\/sinai-it.xyz\/fr\/wp-json\/wp\/v2\/pages\/193\/revisions"}],"predecessor-version":[{"id":422,"href":"https:\/\/sinai-it.xyz\/fr\/wp-json\/wp\/v2\/pages\/193\/revisions\/422"}],"up":[{"embeddable":true,"href":"https:\/\/sinai-it.xyz\/fr\/wp-json\/wp\/v2\/pages\/37"}],"wp:featuredmedia":[{"embeddable":true,"href":"https:\/\/sinai-it.xyz\/fr\/wp-json\/wp\/v2\/media\/204"}],"wp:attachment":[{"href":"https:\/\/sinai-it.xyz\/fr\/wp-json\/wp\/v2\/media?parent=193"}],"wp:term":[{"taxonomy":"post_tag","embeddable":true,"href":"https:\/\/sinai-it.xyz\/fr\/wp-json\/wp\/v2\/tags?post=193"}],"curies":[{"name":"wp","href":"https:\/\/api.w.org\/{rel}","templated":true}]}}