{"id":240,"date":"2026-02-19T20:08:32","date_gmt":"2026-02-19T20:08:32","guid":{"rendered":"https:\/\/sinai-it.xyz\/fr\/?page_id=240"},"modified":"2026-03-08T15:16:24","modified_gmt":"2026-03-08T15:16:24","slug":"jeunes-sans-chaines","status":"publish","type":"page","link":"https:\/\/sinai-it.xyz\/fr\/nepal\/jeunes-sans-chaines\/","title":{"rendered":"Jeunes Sans Cha\u00eenes \u2013 N\u00e9pal"},"content":{"rendered":"\n<p>Le projet Jeunes Sans Cha\u00eenes s\u2019\u00e9tend \u00e9galement \u00e0 d\u2019autres pays. L\u2019objectif est toujours de donner \u00e0 chaque jeune la possibilit\u00e9 de grandir dans un environnement s\u00fbr o\u00f9 il peut faire des choix sages pour sa vie.<\/p>\n\n\n<section class=\"position-relative overflow-hidden\">\n    <!-- Swiper slider -->\n    <div class=\"swiper-container swiper-classic\">\n        <!-- Swiper wrapper -->\n        <div class=\"swiper-wrapper\">\n            <!-- slide item -->\n                            <div class=\"swiper-slide\" style=\"background-image:url('https:\/\/sinai-it.xyz\/fr\/wp-content\/uploads\/sites\/3\/2026\/02\/WhatsApp-Image-2021-04-19-at-09.45.54-1-1024x768-1.jpeg')\">\n                    <div class=\"position-absolute start-0 top-0 w-100 h-100\"><\/div>\n                    <div class=\"container-fluid text-white d-flex align-items-center h-100\">\n                        <div class=\"row pt-5 w-100\">\n                            <div class=\"col-xl-8 col-lg-10 mx-auto text-center\">\n                            <\/div>\n                        <\/div>\n                    <\/div>\n                <\/div>\n                                <div class=\"swiper-slide\" style=\"background-image:url('https:\/\/sinai-it.xyz\/fr\/wp-content\/uploads\/sites\/3\/2026\/02\/WhatsApp-Image-2021-04-19-at-09.45.54-rfdimok87k4558pzyn7pqwvn5s61hy7lxsjkkr62ao.jpeg')\">\n                    <div class=\"position-absolute start-0 top-0 w-100 h-100\"><\/div>\n                    <div class=\"container-fluid text-white d-flex align-items-center h-100\">\n                        <div class=\"row pt-5 w-100\">\n                            <div class=\"col-xl-8 col-lg-10 mx-auto text-center\">\n                            <\/div>\n                        <\/div>\n                    <\/div>\n                <\/div>\n                        <\/div>\n        <!-- Slider pagination -->\n        <div class=\"swiper-pagination swiperClassic-pagination text-white\"><\/div>\n        <!-- Slider Arrow -->\n        <div class=\"swiper-button-prev swiperClassic-button-prev bg-transparent width-5x height-5x text-white\">\n        <\/div>\n        <!-- Slider Arrow -->\n        <div class=\"swiper-button-next swiperClassic-button-next bg-transparent width-5x height-5x text-white\">\n        <\/div>\n    <\/div>\n<\/section>\n<!--\/.Slider end-->","protected":false},"excerpt":{"rendered":"<p>Le projet Jeunes Sans Cha\u00eenes s\u2019\u00e9tend \u00e9galement \u00e0 d\u2019autres pays. L\u2019objectif est toujours de donner \u00e0 chaque jeune la possibilit\u00e9 de grandir dans un environnement s\u00fbr o\u00f9 il peut faire des choix sages pour sa vie.<\/p>\n","protected":false},"author":1,"featured_media":241,"parent":39,"menu_order":0,"comment_status":"closed","ping_status":"closed","template":"","meta":{"_acf_changed":false,"footnotes":""},"tags":[],"class_list":["post-240","page","type-page","status-publish","has-post-thumbnail","hentry"],"acf":[],"_links":{"self":[{"href":"https:\/\/sinai-it.xyz\/fr\/wp-json\/wp\/v2\/pages\/240","targetHints":{"allow":["GET"]}}],"collection":[{"href":"https:\/\/sinai-it.xyz\/fr\/wp-json\/wp\/v2\/pages"}],"about":[{"href":"https:\/\/sinai-it.xyz\/fr\/wp-json\/wp\/v2\/types\/page"}],"author":[{"embeddable":true,"href":"https:\/\/sinai-it.xyz\/fr\/wp-json\/wp\/v2\/users\/1"}],"replies":[{"embeddable":true,"href":"https:\/\/sinai-it.xyz\/fr\/wp-json\/wp\/v2\/comments?post=240"}],"version-history":[{"count":2,"href":"https:\/\/sinai-it.xyz\/fr\/wp-json\/wp\/v2\/pages\/240\/revisions"}],"predecessor-version":[{"id":436,"href":"https:\/\/sinai-it.xyz\/fr\/wp-json\/wp\/v2\/pages\/240\/revisions\/436"}],"up":[{"embeddable":true,"href":"https:\/\/sinai-it.xyz\/fr\/wp-json\/wp\/v2\/pages\/39"}],"wp:featuredmedia":[{"embeddable":true,"href":"https:\/\/sinai-it.xyz\/fr\/wp-json\/wp\/v2\/media\/241"}],"wp:attachment":[{"href":"https:\/\/sinai-it.xyz\/fr\/wp-json\/wp\/v2\/media?parent=240"}],"wp:term":[{"taxonomy":"post_tag","embeddable":true,"href":"https:\/\/sinai-it.xyz\/fr\/wp-json\/wp\/v2\/tags?post=240"}],"curies":[{"name":"wp","href":"https:\/\/api.w.org\/{rel}","templated":true}]}}