{"id":342,"date":"2026-03-06T08:58:58","date_gmt":"2026-03-06T08:58:58","guid":{"rendered":"https:\/\/sinai-it.xyz\/fr\/?page_id=342"},"modified":"2026-03-09T12:05:30","modified_gmt":"2026-03-09T12:05:30","slug":"agape-bici","status":"publish","type":"page","link":"https:\/\/sinai-it.xyz\/fr\/agape-bici\/","title":{"rendered":"Agape Bici"},"content":{"rendered":"<div class=\"wp-block-image\">\n<figure class=\"aligncenter size-large is-resized\"><img loading=\"lazy\" decoding=\"async\" width=\"1024\" height=\"1024\" src=\"https:\/\/sinai-it.xyz\/fr\/wp-content\/uploads\/sites\/3\/2026\/03\/AB_LogoWeb-1024x1024.png\" alt=\"\" class=\"wp-image-344\" style=\"width:274px;height:auto\" srcset=\"https:\/\/sinai-it.xyz\/fr\/wp-content\/uploads\/sites\/3\/2026\/03\/AB_LogoWeb-1024x1024.png 1024w, https:\/\/sinai-it.xyz\/fr\/wp-content\/uploads\/sites\/3\/2026\/03\/AB_LogoWeb-300x300.png 300w, https:\/\/sinai-it.xyz\/fr\/wp-content\/uploads\/sites\/3\/2026\/03\/AB_LogoWeb-150x150.png 150w, https:\/\/sinai-it.xyz\/fr\/wp-content\/uploads\/sites\/3\/2026\/03\/AB_LogoWeb-768x768.png 768w, https:\/\/sinai-it.xyz\/fr\/wp-content\/uploads\/sites\/3\/2026\/03\/AB_LogoWeb-1536x1536.png 1536w, https:\/\/sinai-it.xyz\/fr\/wp-content\/uploads\/sites\/3\/2026\/03\/AB_LogoWeb.png 1920w\" sizes=\"auto, (max-width: 1024px) 100vw, 1024px\" \/><\/figure>\n<\/div>\n\n\n<p>L\u2019int\u00e9gration des r\u00e9fugi\u00e9s d\u00e9pend aussi de leur capacit\u00e9 \u00e0 se d\u00e9placer pour rejoindre les cours d\u2019italien, le travail ou pour chercher de nouvelles opportunit\u00e9s. Malheureusement, beaucoup n\u2019ont pas les moyens financiers d\u2019utiliser les transports publics, d\u2019autres trouvent des emplois qui ne sont pas accessibles par les transports en commun, et d\u2019autres encore travaillent \u00e0 des horaires o\u00f9 les transports ne sont pas disponibles.<\/p>\n\n\n\n<p>Agape Bici offre une solution concr\u00e8te \u00e0 ce probl\u00e8me en donnant des v\u00e9los aux r\u00e9fugi\u00e9s. Nous r\u00e9cup\u00e9rons des v\u00e9los d\u2019occasion aupr\u00e8s de g\u00e9n\u00e9reux donateurs ou les achetons \u00e0 des prix avantageux. Nous les r\u00e9parons soigneusement afin de garantir leur s\u00e9curit\u00e9 et leur bon fonctionnement, puis nous les remettons \u00e0 ceux qui en ont besoin. De cette mani\u00e8re, nous facilitons leur chemin vers l\u2019int\u00e9gration dans la soci\u00e9t\u00e9 et la reconstruction de leur vie.<\/p>\n\n\n<section class=\"position-relative overflow-hidden\">\n    <!-- Swiper slider -->\n    <div class=\"swiper-container swiper-classic\">\n        <!-- Swiper wrapper -->\n        <div class=\"swiper-wrapper\">\n            <!-- slide item -->\n                            <div class=\"swiper-slide\" style=\"background-image:url('https:\/\/sinai-it.xyz\/fr\/wp-content\/uploads\/sites\/3\/2026\/03\/AB_fotoWeb-3.jpg')\">\n                    <div class=\"position-absolute start-0 top-0 w-100 h-100\"><\/div>\n                    <div class=\"container-fluid text-white d-flex align-items-center h-100\">\n                        <div class=\"row pt-5 w-100\">\n                            <div class=\"col-xl-8 col-lg-10 mx-auto text-center\">\n                            <\/div>\n                        <\/div>\n                    <\/div>\n                <\/div>\n                                <div class=\"swiper-slide\" style=\"background-image:url('https:\/\/sinai-it.xyz\/fr\/wp-content\/uploads\/sites\/3\/2026\/03\/AB_fotoWeb-4.jpg')\">\n                    <div class=\"position-absolute start-0 top-0 w-100 h-100\"><\/div>\n                    <div class=\"container-fluid text-white d-flex align-items-center h-100\">\n                        <div class=\"row pt-5 w-100\">\n                            <div class=\"col-xl-8 col-lg-10 mx-auto text-center\">\n                            <\/div>\n                        <\/div>\n                    <\/div>\n                <\/div>\n                                <div class=\"swiper-slide\" style=\"background-image:url('https:\/\/sinai-it.xyz\/fr\/wp-content\/uploads\/sites\/3\/2026\/03\/AB_fotoWeb-5-1.jpg')\">\n                    <div class=\"position-absolute start-0 top-0 w-100 h-100\"><\/div>\n                    <div class=\"container-fluid text-white d-flex align-items-center h-100\">\n                        <div class=\"row pt-5 w-100\">\n                            <div class=\"col-xl-8 col-lg-10 mx-auto text-center\">\n                            <\/div>\n                        <\/div>\n                    <\/div>\n                <\/div>\n                                <div class=\"swiper-slide\" style=\"background-image:url('https:\/\/sinai-it.xyz\/fr\/wp-content\/uploads\/sites\/3\/2026\/03\/AB_logoWeb.jpg')\">\n                    <div class=\"position-absolute start-0 top-0 w-100 h-100\"><\/div>\n                    <div class=\"container-fluid text-white d-flex align-items-center h-100\">\n                        <div class=\"row pt-5 w-100\">\n                            <div class=\"col-xl-8 col-lg-10 mx-auto text-center\">\n                            <\/div>\n                        <\/div>\n                    <\/div>\n                <\/div>\n                        <\/div>\n        <!-- Slider pagination -->\n        <div class=\"swiper-pagination swiperClassic-pagination text-white\"><\/div>\n        <!-- Slider Arrow -->\n        <div class=\"swiper-button-prev swiperClassic-button-prev bg-transparent width-5x height-5x text-white\">\n        <\/div>\n        <!-- Slider Arrow -->\n        <div class=\"swiper-button-next swiperClassic-button-next bg-transparent width-5x height-5x text-white\">\n        <\/div>\n    <\/div>\n<\/section>\n<!--\/.Slider end-->","protected":false},"excerpt":{"rendered":"<p>Agape Bici offre une solution concr\u00e8te au probl\u00e8me des transports pour les r\u00e9fugi\u00e9s. Les v\u00e9los sont r\u00e9cup\u00e9r\u00e9s aupr\u00e8s de donateurs ou achet\u00e9s \u00e0 des prix avantageux, puis r\u00e9par\u00e9s et remis \u00e0 ceux qui en ont besoin.<\/p>\n","protected":false},"author":1,"featured_media":343,"parent":0,"menu_order":0,"comment_status":"closed","ping_status":"closed","template":"","meta":{"_acf_changed":false,"footnotes":""},"tags":[6],"class_list":["post-342","page","type-page","status-publish","has-post-thumbnail","hentry","tag-italia"],"acf":[],"_links":{"self":[{"href":"https:\/\/sinai-it.xyz\/fr\/wp-json\/wp\/v2\/pages\/342","targetHints":{"allow":["GET"]}}],"collection":[{"href":"https:\/\/sinai-it.xyz\/fr\/wp-json\/wp\/v2\/pages"}],"about":[{"href":"https:\/\/sinai-it.xyz\/fr\/wp-json\/wp\/v2\/types\/page"}],"author":[{"embeddable":true,"href":"https:\/\/sinai-it.xyz\/fr\/wp-json\/wp\/v2\/users\/1"}],"replies":[{"embeddable":true,"href":"https:\/\/sinai-it.xyz\/fr\/wp-json\/wp\/v2\/comments?post=342"}],"version-history":[{"count":5,"href":"https:\/\/sinai-it.xyz\/fr\/wp-json\/wp\/v2\/pages\/342\/revisions"}],"predecessor-version":[{"id":481,"href":"https:\/\/sinai-it.xyz\/fr\/wp-json\/wp\/v2\/pages\/342\/revisions\/481"}],"wp:featuredmedia":[{"embeddable":true,"href":"https:\/\/sinai-it.xyz\/fr\/wp-json\/wp\/v2\/media\/343"}],"wp:attachment":[{"href":"https:\/\/sinai-it.xyz\/fr\/wp-json\/wp\/v2\/media?parent=342"}],"wp:term":[{"taxonomy":"post_tag","embeddable":true,"href":"https:\/\/sinai-it.xyz\/fr\/wp-json\/wp\/v2\/tags?post=342"}],"curies":[{"name":"wp","href":"https:\/\/api.w.org\/{rel}","templated":true}]}}