{"id":38,"date":"2026-02-16T11:34:01","date_gmt":"2026-02-16T11:34:01","guid":{"rendered":"https:\/\/sinai-it.xyz\/fr\/?page_id=38"},"modified":"2026-03-09T12:09:27","modified_gmt":"2026-03-09T12:09:27","slug":"inde","status":"publish","type":"page","link":"https:\/\/sinai-it.xyz\/fr\/inde\/","title":{"rendered":"Inde"},"content":{"rendered":"\n<p>Population : <strong>1,3 milliard<\/strong><br>Capitale : <strong>New Delhi<\/strong><br>Langue : <strong>23 langues diff\u00e9rentes et environ 2 000 dialectes. La langue principale est l\u2019hindi.<\/strong><br>Religions : <strong>Hindouisme 79,8 %, chr\u00e9tiens 2,3 %, sikhs 1,72 %, bouddhistes 0,7 %, ainsi que de nombreuses autres communaut\u00e9s religieuses.<\/strong><br>Superficie : <strong>3 287 000 km\u00b2<\/strong><br>Pauvret\u00e9 : <strong>22 % de la population souffre de la faim ; environ 120 000 femmes chaque ann\u00e9e ne survivent pas \u00e0 l\u2019accouchement ou \u00e0 la grossesse. Le taux \u00e9lev\u00e9 d\u2019abandon scolaire signifie que les enfants sont souvent contraints de travailler.<\/strong><\/p>\n\n\n\n<h2 class=\"wp-block-heading\">Projets associ\u00e9s<\/h2>\n\n\n\n    <div class=\"row justify-content-center mb-7\">    <div class=\"col-md-4 col-sm-6 mb-4 mb-md-0\">  \n        <!--article-->\n        <article class=\"card card-hover text-center hover-shadow-lg overflow-hidden border-0 rounded-3 shadow-sm\">\n            <div class=\"overflow-hidden position-relative\">\n                <!--Article image-->\n                <img decoding=\"async\" src=\"https:\/\/sinai-it.xyz\/fr\/wp-content\/uploads\/sites\/3\/2026\/02\/bambini-india-sinai-3-rfdimh1iecwby9vsmjy9vubj8ialkqpz3l5e3s3468.jpg\" alt=\"\" class=\"img-fluid img-zoom\">\n                <!--Article image divider-->\n                <svg class=\"position-absolute start-0 bottom-0 mb-n1\" style=\"color: var(--bs-body-bg);\"\n                    preserveAspectRatio=\"none\" width=\"100%\"\n                    height=\"48\" viewBox=\"0 0 1460 120\" fill=\"none\" xmlns=\"http:\/\/www.w3.org\/2000\/svg\">\n                    <path\n                        d=\"M122 22.8261L0 0V120H1460V0L1338 22.8261C1217 44.1304 973 88.2609 730 88.2609C487\n                        88.2609 243 44.1304 122 22.8261Z\" fill=\"currentColor\"><\/path>\n                <\/svg>\n            <\/div>\n            <!--Content-body-->\n            <div class=\"card-body pb-5 position-relative\">\n                <h5 class=\"py-3 mb-0\">\n                    \u00c9ducation et sant\u00e9 des enfants                <\/h5>\n                <!--\n                <p class=\"mb-0 px-lg-4\">\n                    Dall\u2019inizio del 2021, pi\u00f9 di 9 mila profughi sono sbarcati in Italia, la maggior parte arriva nel nord Italia, aiutiamoli!\n                <\/p>\n                -->\n            <\/div>\n            <!--Article link-->\n            <a href=\"https:\/\/sinai-it.xyz\/fr\/inde\/education-et-sante-des-enfants\" class=\"stretched-link\"><\/a>\n        <\/article>\n    <\/div>\n    ","protected":false},"excerpt":{"rendered":"<p>Population : 1,3 milliardCapitale : New DelhiLangue : 23 langues diff\u00e9rentes et environ 2 000 dialectes. La langue principale est l\u2019hindi.Religions : Hindouisme 79,8 %, chr\u00e9tiens 2,3 %, sikhs 1,72 %, bouddhistes 0,7 %, ainsi que de nombreuses autres communaut\u00e9s religieuses.Superficie : 3 287 000 km\u00b2Pauvret\u00e9 : 22 % de la population souffre de la [&hellip;]<\/p>\n","protected":false},"author":1,"featured_media":215,"parent":0,"menu_order":0,"comment_status":"closed","ping_status":"closed","template":"","meta":{"_acf_changed":false,"footnotes":""},"tags":[7],"class_list":["post-38","page","type-page","status-publish","has-post-thumbnail","hentry","tag-international"],"acf":[],"_links":{"self":[{"href":"https:\/\/sinai-it.xyz\/fr\/wp-json\/wp\/v2\/pages\/38","targetHints":{"allow":["GET"]}}],"collection":[{"href":"https:\/\/sinai-it.xyz\/fr\/wp-json\/wp\/v2\/pages"}],"about":[{"href":"https:\/\/sinai-it.xyz\/fr\/wp-json\/wp\/v2\/types\/page"}],"author":[{"embeddable":true,"href":"https:\/\/sinai-it.xyz\/fr\/wp-json\/wp\/v2\/users\/1"}],"replies":[{"embeddable":true,"href":"https:\/\/sinai-it.xyz\/fr\/wp-json\/wp\/v2\/comments?post=38"}],"version-history":[{"count":9,"href":"https:\/\/sinai-it.xyz\/fr\/wp-json\/wp\/v2\/pages\/38\/revisions"}],"predecessor-version":[{"id":487,"href":"https:\/\/sinai-it.xyz\/fr\/wp-json\/wp\/v2\/pages\/38\/revisions\/487"}],"wp:featuredmedia":[{"embeddable":true,"href":"https:\/\/sinai-it.xyz\/fr\/wp-json\/wp\/v2\/media\/215"}],"wp:attachment":[{"href":"https:\/\/sinai-it.xyz\/fr\/wp-json\/wp\/v2\/media?parent=38"}],"wp:term":[{"taxonomy":"post_tag","embeddable":true,"href":"https:\/\/sinai-it.xyz\/fr\/wp-json\/wp\/v2\/tags?post=38"}],"curies":[{"name":"wp","href":"https:\/\/api.w.org\/{rel}","templated":true}]}}