{"id":39,"date":"2026-02-16T11:34:01","date_gmt":"2026-02-16T11:34:01","guid":{"rendered":"https:\/\/sinai-it.xyz\/fr\/?page_id=39"},"modified":"2026-03-09T12:09:46","modified_gmt":"2026-03-09T12:09:46","slug":"nepal","status":"publish","type":"page","link":"https:\/\/sinai-it.xyz\/fr\/nepal\/","title":{"rendered":"N\u00e9pal"},"content":{"rendered":"\n<p>Population : <strong>29,3 millions<\/strong><br>Capitale : <strong>Katmandou<\/strong><br>Langues : <strong>n\u00e9palais, hindi, tib\u00e9tain, anglais<\/strong><br>Religions : <strong>Hindouisme (officiel) 81 %, Bouddhisme 9 %, Islam 4 %, Kirant 3 %, Chr\u00e9tien 1,4 %, Autres 1,6 %<\/strong><br>Superficie : <strong>147 181 km\u00b2<\/strong><br>Pauvret\u00e9 : <strong>Au N\u00e9pal, 25,2 % de la population vit sous le seuil national de pauvret\u00e9.<\/strong><\/p>\n\n\n\n<h2 class=\"wp-block-heading\">Projets associ\u00e9s<\/h2>\n\n\n\n    <div class=\"row justify-content-center mb-7\">    <div class=\"col-md-4 col-sm-6 mb-4 mb-md-0\">  \n        <!--article-->\n        <article class=\"card card-hover text-center hover-shadow-lg overflow-hidden border-0 rounded-3 shadow-sm\">\n            <div class=\"overflow-hidden position-relative\">\n                <!--Article image-->\n                <img decoding=\"async\" src=\"https:\/\/sinai-it.xyz\/fr\/wp-content\/uploads\/sites\/3\/2026\/02\/WhatsApp-Image-2021-04-19-at-09.45.54-rfdimok87k4558pzyn7pqwvn5s61hy7lxsjkkr62ao.jpeg\" alt=\"\" class=\"img-fluid img-zoom\">\n                <!--Article image divider-->\n                <svg class=\"position-absolute start-0 bottom-0 mb-n1\" style=\"color: var(--bs-body-bg);\"\n                    preserveAspectRatio=\"none\" width=\"100%\"\n                    height=\"48\" viewBox=\"0 0 1460 120\" fill=\"none\" xmlns=\"http:\/\/www.w3.org\/2000\/svg\">\n                    <path\n                        d=\"M122 22.8261L0 0V120H1460V0L1338 22.8261C1217 44.1304 973 88.2609 730 88.2609C487\n                        88.2609 243 44.1304 122 22.8261Z\" fill=\"currentColor\"><\/path>\n                <\/svg>\n            <\/div>\n            <!--Content-body-->\n            <div class=\"card-body pb-5 position-relative\">\n                <h5 class=\"py-3 mb-0\">\n                    Jeunes Sans Cha\u00eenes \u2013 N\u00e9pal                <\/h5>\n                <!--\n                <p class=\"mb-0 px-lg-4\">\n                    Dall\u2019inizio del 2021, pi\u00f9 di 9 mila profughi sono sbarcati in Italia, la maggior parte arriva nel nord Italia, aiutiamoli!\n                <\/p>\n                -->\n            <\/div>\n            <!--Article link-->\n            <a href=\"https:\/\/sinai-it.xyz\/fr\/nepal\/jeunes-sans-chaines\/\" class=\"stretched-link\"><\/a>\n        <\/article>\n    <\/div>\n        <div class=\"col-md-4 col-sm-6 mb-4 mb-md-0\">  \n        <!--article-->\n        <article class=\"card card-hover text-center hover-shadow-lg overflow-hidden border-0 rounded-3 shadow-sm\">\n            <div class=\"overflow-hidden position-relative\">\n                <!--Article image-->\n                <img decoding=\"async\" src=\"https:\/\/sinai-it.xyz\/fr\/wp-content\/uploads\/sites\/3\/2026\/02\/F_Sinai_Nepal_Bam_-54-min-rfdihl9p6v589a48oxzgqp4rbn9gsyzy8lbvzspu00.jpg\" alt=\"\" class=\"img-fluid img-zoom\">\n                <!--Article image divider-->\n                <svg class=\"position-absolute start-0 bottom-0 mb-n1\" style=\"color: var(--bs-body-bg);\"\n                    preserveAspectRatio=\"none\" width=\"100%\"\n                    height=\"48\" viewBox=\"0 0 1460 120\" fill=\"none\" xmlns=\"http:\/\/www.w3.org\/2000\/svg\">\n                    <path\n                        d=\"M122 22.8261L0 0V120H1460V0L1338 22.8261C1217 44.1304 973 88.2609 730 88.2609C487\n                        88.2609 243 44.1304 122 22.8261Z\" fill=\"currentColor\"><\/path>\n                <\/svg>\n            <\/div>\n            <!--Content-body-->\n            <div class=\"card-body pb-5 position-relative\">\n                <h5 class=\"py-3 mb-0\">\n                    \u00c9ducation des enfants                <\/h5>\n                <!--\n                <p class=\"mb-0 px-lg-4\">\n                    Dall\u2019inizio del 2021, pi\u00f9 di 9 mila profughi sono sbarcati in Italia, la maggior parte arriva nel nord Italia, aiutiamoli!\n                <\/p>\n                -->\n            <\/div>\n            <!--Article link-->\n            <a href=\"https:\/\/sinai-it.xyz\/fr\/nepal\/education-des-enfants\/\" class=\"stretched-link\"><\/a>\n        <\/article>\n    <\/div>\n        <div class=\"col-md-4 col-sm-6 mb-4 mb-md-0\">  \n        <!--article-->\n        <article class=\"card card-hover text-center hover-shadow-lg overflow-hidden border-0 rounded-3 shadow-sm\">\n            <div class=\"overflow-hidden position-relative\">\n                <!--Article image-->\n                <img decoding=\"async\" src=\"https:\/\/sinai-it.xyz\/fr\/wp-content\/uploads\/sites\/3\/2026\/02\/F_Sinai_Nepal_Wom-41-min-rfdigr6reuhtvf87mlicx3x74f4bfnkgta2lg28jqk.jpg\" alt=\"\" class=\"img-fluid img-zoom\">\n                <!--Article image divider-->\n                <svg class=\"position-absolute start-0 bottom-0 mb-n1\" style=\"color: var(--bs-body-bg);\"\n                    preserveAspectRatio=\"none\" width=\"100%\"\n                    height=\"48\" viewBox=\"0 0 1460 120\" fill=\"none\" xmlns=\"http:\/\/www.w3.org\/2000\/svg\">\n                    <path\n                        d=\"M122 22.8261L0 0V120H1460V0L1338 22.8261C1217 44.1304 973 88.2609 730 88.2609C487\n                        88.2609 243 44.1304 122 22.8261Z\" fill=\"currentColor\"><\/path>\n                <\/svg>\n            <\/div>\n            <!--Content-body-->\n            <div class=\"card-body pb-5 position-relative\">\n                <h5 class=\"py-3 mb-0\">\n                    Formation professionnelle pour les femmes                <\/h5>\n                <!--\n                <p class=\"mb-0 px-lg-4\">\n                    Dall\u2019inizio del 2021, pi\u00f9 di 9 mila profughi sono sbarcati in Italia, la maggior parte arriva nel nord Italia, aiutiamoli!\n                <\/p>\n                -->\n            <\/div>\n            <!--Article link-->\n            <a href=\"https:\/\/sinai-it.xyz\/fr\/nepal\/profession-pour-les-femmes\/\" class=\"stretched-link\"><\/a>\n        <\/article>\n    <\/div>\n    <\/div>","protected":false},"excerpt":{"rendered":"<p>Population : 29,3 millionsCapitale : KatmandouLangues : n\u00e9palais, hindi, tib\u00e9tain, anglaisReligions : Hindouisme (officiel) 81 %, Bouddhisme 9 %, Islam 4 %, Kirant 3 %, Chr\u00e9tien 1,4 %, Autres 1,6 %Superficie : 147 181 km\u00b2Pauvret\u00e9 : Au N\u00e9pal, 25,2 % de la population vit sous le seuil national de pauvret\u00e9. Projets associ\u00e9s<\/p>\n","protected":false},"author":1,"featured_media":239,"parent":0,"menu_order":0,"comment_status":"closed","ping_status":"closed","template":"","meta":{"_acf_changed":false,"footnotes":""},"tags":[7],"class_list":["post-39","page","type-page","status-publish","has-post-thumbnail","hentry","tag-international"],"acf":[],"_links":{"self":[{"href":"https:\/\/sinai-it.xyz\/fr\/wp-json\/wp\/v2\/pages\/39","targetHints":{"allow":["GET"]}}],"collection":[{"href":"https:\/\/sinai-it.xyz\/fr\/wp-json\/wp\/v2\/pages"}],"about":[{"href":"https:\/\/sinai-it.xyz\/fr\/wp-json\/wp\/v2\/types\/page"}],"author":[{"embeddable":true,"href":"https:\/\/sinai-it.xyz\/fr\/wp-json\/wp\/v2\/users\/1"}],"replies":[{"embeddable":true,"href":"https:\/\/sinai-it.xyz\/fr\/wp-json\/wp\/v2\/comments?post=39"}],"version-history":[{"count":10,"href":"https:\/\/sinai-it.xyz\/fr\/wp-json\/wp\/v2\/pages\/39\/revisions"}],"predecessor-version":[{"id":488,"href":"https:\/\/sinai-it.xyz\/fr\/wp-json\/wp\/v2\/pages\/39\/revisions\/488"}],"wp:featuredmedia":[{"embeddable":true,"href":"https:\/\/sinai-it.xyz\/fr\/wp-json\/wp\/v2\/media\/239"}],"wp:attachment":[{"href":"https:\/\/sinai-it.xyz\/fr\/wp-json\/wp\/v2\/media?parent=39"}],"wp:term":[{"taxonomy":"post_tag","embeddable":true,"href":"https:\/\/sinai-it.xyz\/fr\/wp-json\/wp\/v2\/tags?post=39"}],"curies":[{"name":"wp","href":"https:\/\/api.w.org\/{rel}","templated":true}]}}