{"id":57,"date":"2026-03-09T12:07:40","date_gmt":"2026-03-09T12:07:40","guid":{"rendered":"https:\/\/sinai-it.xyz\/fr\/?page_id=57"},"modified":"2026-03-09T12:07:58","modified_gmt":"2026-03-09T12:07:58","slug":"activites-pour-les-refugies","status":"publish","type":"page","link":"https:\/\/sinai-it.xyz\/fr\/activites-pour-les-refugies\/","title":{"rendered":"Nouveaux Amis \u2013 Activit\u00e9s pour les r\u00e9fugi\u00e9s"},"content":{"rendered":"\n<p>Lorsque les r\u00e9fugi\u00e9s quittent leur pays d\u2019origine et arrivent dans un pays \u00e9tranger, ils ont besoin de r\u00e9organiser leur vie. C\u2019est ici que l\u2019Association Sinai intervient, en aidant les \u00ab Nouveaux Amis \u00bb \u00e0 s\u2019int\u00e9grer, en leur apprenant \u00e0 aimer et \u00e0 respecter le pays qui les a accueillis, sans tenir compte de la couleur de peau ou de la religion d\u2019appartenance. Ils participent \u00e0 divers cours de formation, d\u2019\u00e9ducation, \u00e0 des activit\u00e9s sportives et au b\u00e9n\u00e9volat. Nous intervenons \u00e9galement par le biais d\u2019aides humanitaires en distribuant des biens de premi\u00e8re n\u00e9cessit\u00e9 tels que des aliments, des v\u00eatements et des chaussures.<\/p>\n\n\n\n<h2 class=\"wp-block-heading\">Cours d\u2019informatique<\/h2>\n\n\n\n    <div id=\"projects\" data-isotope='{\"layoutMode\": \"masonry\"}' class=\"row\">        <div class=\"col-md-6 mb-4 bootstrap grid-item\">\n            <!--<a href=\"#!\" class=\"card-hover\">-->\n                <div class=\"overflow-hidden position-relative mb-4\">\n                    <img decoding=\"async\" src=\"https:\/\/sinai-it.xyz\/fr\/wp-content\/uploads\/sites\/3\/2026\/02\/informtica-1-2048x1152-1.jpg\" alt=\"\" class=\"img-zoom img-fluid\">\n                <\/div>\n                <!--\n                <h5 class=\"mb-1\"><\/h5>\n                <span class=\"text-body-secondary\"><\/span>\n                -->\n            <!--<\/a>-->\n        <\/div>\n            <div class=\"col-md-6 mb-4 figma grid-item\">\n            <!--<a href=\"#!\" class=\"card-hover\">-->\n                <div class=\"overflow-hidden position-relative mb-4\">\n                    <img decoding=\"async\" src=\"https:\/\/sinai-it.xyz\/fr\/wp-content\/uploads\/sites\/3\/2026\/02\/informatica-2-2048x1152-2.jpg\" alt=\"\" class=\"img-zoom img-fluid\">\n                <\/div>\n                <!--\n                <h5 class=\"mb-1\"><\/h5>\n                <span class=\"text-body-secondary\"><\/span>\n                -->\n            <!--<\/a>-->\n        <\/div>\n    <\/div>\n\n\n<h2 class=\"wp-block-heading\">Cours de couture<\/h2>\n\n\n\n    <div id=\"projects\" data-isotope='{\"layoutMode\": \"masonry\"}' class=\"row\">        <div class=\"col-md-6 mb-4 bootstrap grid-item\">\n            <!--<a href=\"#!\" class=\"card-hover\">-->\n                <div class=\"overflow-hidden position-relative mb-4\">\n                    <img decoding=\"async\" src=\"https:\/\/sinai-it.xyz\/fr\/wp-content\/uploads\/sites\/3\/2026\/02\/cucito-1.jpg\" alt=\"\" class=\"img-zoom img-fluid\">\n                <\/div>\n                <!--\n                <h5 class=\"mb-1\"><\/h5>\n                <span class=\"text-body-secondary\"><\/span>\n                -->\n            <!--<\/a>-->\n        <\/div>\n            <div class=\"col-md-6 mb-4 figma grid-item\">\n            <!--<a href=\"#!\" class=\"card-hover\">-->\n                <div class=\"overflow-hidden position-relative mb-4\">\n                    <img decoding=\"async\" src=\"https:\/\/sinai-it.xyz\/fr\/wp-content\/uploads\/sites\/3\/2026\/02\/cucito-2-1536x862-1.jpg\" alt=\"\" class=\"img-zoom img-fluid\">\n                <\/div>\n                <!--\n                <h5 class=\"mb-1\"><\/h5>\n                <span class=\"text-body-secondary\"><\/span>\n                -->\n            <!--<\/a>-->\n        <\/div>\n    <\/div>\n\n\n<h2 class=\"wp-block-heading\">Cours de cuisine<\/h2>\n\n\n\n    <div id=\"projects\" data-isotope='{\"layoutMode\": \"masonry\"}' class=\"row\">        <div class=\"col-md-6 mb-4 bootstrap grid-item\">\n            <!--<a href=\"#!\" class=\"card-hover\">-->\n                <div class=\"overflow-hidden position-relative mb-4\">\n                    <img decoding=\"async\" src=\"https:\/\/sinai-it.xyz\/fr\/wp-content\/uploads\/sites\/3\/2026\/02\/Corso-di-Cucito-2-1536x864-1.jpeg\" alt=\"\" class=\"img-zoom img-fluid\">\n                <\/div>\n                <!--\n                <h5 class=\"mb-1\"><\/h5>\n                <span class=\"text-body-secondary\"><\/span>\n                -->\n            <!--<\/a>-->\n        <\/div>\n            <div class=\"col-md-6 mb-4 figma grid-item\">\n            <!--<a href=\"#!\" class=\"card-hover\">-->\n                <div class=\"overflow-hidden position-relative mb-4\">\n                    <img decoding=\"async\" src=\"https:\/\/sinai-it.xyz\/fr\/wp-content\/uploads\/sites\/3\/2026\/02\/Corso-di-cucito-1536x864-1.jpeg\" alt=\"\" class=\"img-zoom img-fluid\">\n                <\/div>\n                <!--\n                <h5 class=\"mb-1\"><\/h5>\n                <span class=\"text-body-secondary\"><\/span>\n                -->\n            <!--<\/a>-->\n        <\/div>\n    <\/div>\n\n\n<h2 class=\"wp-block-heading\">Activit\u00e9s sportives<\/h2>\n\n\n\n    <div id=\"projects\" data-isotope='{\"layoutMode\": \"masonry\"}' class=\"row\">        <div class=\"col-md-6 mb-4 bootstrap grid-item\">\n            <!--<a href=\"#!\" class=\"card-hover\">-->\n                <div class=\"overflow-hidden position-relative mb-4\">\n                    <img decoding=\"async\" src=\"https:\/\/sinai-it.xyz\/fr\/wp-content\/uploads\/sites\/3\/2026\/02\/20191020_182619_001-2-1536x864-1.jpg\" alt=\"\" class=\"img-zoom img-fluid\">\n                <\/div>\n                <!--\n                <h5 class=\"mb-1\"><\/h5>\n                <span class=\"text-body-secondary\"><\/span>\n                -->\n            <!--<\/a>-->\n        <\/div>\n            <div class=\"col-md-6 mb-4 figma grid-item\">\n            <!--<a href=\"#!\" class=\"card-hover\">-->\n                <div class=\"overflow-hidden position-relative mb-4\">\n                    <img decoding=\"async\" src=\"https:\/\/sinai-it.xyz\/fr\/wp-content\/uploads\/sites\/3\/2026\/02\/20191025_175230-1-1536x864-1.jpg\" alt=\"\" class=\"img-zoom img-fluid\">\n                <\/div>\n                <!--\n                <h5 class=\"mb-1\"><\/h5>\n                <span class=\"text-body-secondary\"><\/span>\n                -->\n            <!--<\/a>-->\n        <\/div>\n    <\/div><div id=\"projects\" data-isotope='{\"layoutMode\": \"masonry\"}' class=\"row\">        <div class=\"col-md-6 mb-4 bootstrap grid-item\">\n            <!--<a href=\"#!\" class=\"card-hover\">-->\n                <div class=\"overflow-hidden position-relative mb-4\">\n                    <img decoding=\"async\" src=\"https:\/\/sinai-it.xyz\/fr\/wp-content\/uploads\/sites\/3\/2026\/02\/20191025_181721-2-1536x864-1.jpg\" alt=\"\" class=\"img-zoom img-fluid\">\n                <\/div>\n                <!--\n                <h5 class=\"mb-1\"><\/h5>\n                <span class=\"text-body-secondary\"><\/span>\n                -->\n            <!--<\/a>-->\n        <\/div>\n            <div class=\"col-md-6 mb-4 figma grid-item\">\n            <!--<a href=\"#!\" class=\"card-hover\">-->\n                <div class=\"overflow-hidden position-relative mb-4\">\n                    <img decoding=\"async\" src=\"https:\/\/sinai-it.xyz\/fr\/wp-content\/uploads\/sites\/3\/2026\/02\/DSC00032-1-1536x864-1.jpg\" alt=\"\" class=\"img-zoom img-fluid\">\n                <\/div>\n                <!--\n                <h5 class=\"mb-1\"><\/h5>\n                <span class=\"text-body-secondary\"><\/span>\n                -->\n            <!--<\/a>-->\n        <\/div>\n    <\/div>\n\n\n<h2 class=\"wp-block-heading\">B\u00e9n\u00e9volat<\/h2>\n\n\n\n    <div id=\"projects\" data-isotope='{\"layoutMode\": \"masonry\"}' class=\"row\">        <div class=\"col-md-6 mb-4 bootstrap grid-item\">\n            <!--<a href=\"#!\" class=\"card-hover\">-->\n                <div class=\"overflow-hidden position-relative mb-4\">\n                    <img decoding=\"async\" src=\"https:\/\/sinai-it.xyz\/fr\/wp-content\/uploads\/sites\/3\/2026\/02\/20171018_123314-1536x864-1.jpg\" alt=\"\" class=\"img-zoom img-fluid\">\n                <\/div>\n                <!--\n                <h5 class=\"mb-1\"><\/h5>\n                <span class=\"text-body-secondary\"><\/span>\n                -->\n            <!--<\/a>-->\n        <\/div>\n            <div class=\"col-md-6 mb-4 figma grid-item\">\n            <!--<a href=\"#!\" class=\"card-hover\">-->\n                <div class=\"overflow-hidden position-relative mb-4\">\n                    <img decoding=\"async\" src=\"https:\/\/sinai-it.xyz\/fr\/wp-content\/uploads\/sites\/3\/2026\/02\/20171018_124010-1536x864-1.jpg\" alt=\"\" class=\"img-zoom img-fluid\">\n                <\/div>\n                <!--\n                <h5 class=\"mb-1\"><\/h5>\n                <span class=\"text-body-secondary\"><\/span>\n                -->\n            <!--<\/a>-->\n        <\/div>\n    <\/div>","protected":false},"excerpt":{"rendered":"<p>Depuis le d\u00e9but de l\u2019ann\u00e9e 2021, plus de 9 000 r\u00e9fugi\u00e9s sont arriv\u00e9s en Italie. La plupart arrivent dans le nord de l\u2019Italie. Aidons-les !<\/p>\n","protected":false},"author":1,"featured_media":304,"parent":0,"menu_order":0,"comment_status":"closed","ping_status":"closed","template":"","meta":{"_acf_changed":false,"footnotes":""},"tags":[6],"class_list":["post-57","page","type-page","status-publish","has-post-thumbnail","hentry","tag-italia"],"acf":[],"_links":{"self":[{"href":"https:\/\/sinai-it.xyz\/fr\/wp-json\/wp\/v2\/pages\/57","targetHints":{"allow":["GET"]}}],"collection":[{"href":"https:\/\/sinai-it.xyz\/fr\/wp-json\/wp\/v2\/pages"}],"about":[{"href":"https:\/\/sinai-it.xyz\/fr\/wp-json\/wp\/v2\/types\/page"}],"author":[{"embeddable":true,"href":"https:\/\/sinai-it.xyz\/fr\/wp-json\/wp\/v2\/users\/1"}],"replies":[{"embeddable":true,"href":"https:\/\/sinai-it.xyz\/fr\/wp-json\/wp\/v2\/comments?post=57"}],"version-history":[{"count":11,"href":"https:\/\/sinai-it.xyz\/fr\/wp-json\/wp\/v2\/pages\/57\/revisions"}],"predecessor-version":[{"id":484,"href":"https:\/\/sinai-it.xyz\/fr\/wp-json\/wp\/v2\/pages\/57\/revisions\/484"}],"wp:featuredmedia":[{"embeddable":true,"href":"https:\/\/sinai-it.xyz\/fr\/wp-json\/wp\/v2\/media\/304"}],"wp:attachment":[{"href":"https:\/\/sinai-it.xyz\/fr\/wp-json\/wp\/v2\/media?parent=57"}],"wp:term":[{"taxonomy":"post_tag","embeddable":true,"href":"https:\/\/sinai-it.xyz\/fr\/wp-json\/wp\/v2\/tags?post=57"}],"curies":[{"name":"wp","href":"https:\/\/api.w.org\/{rel}","templated":true}]}}