{"id":73,"date":"2026-02-16T12:30:25","date_gmt":"2026-02-16T12:30:25","guid":{"rendered":"https:\/\/sinai-it.xyz\/fr\/?page_id=73"},"modified":"2026-03-07T07:10:30","modified_gmt":"2026-03-07T07:10:30","slug":"sinai-pour-la-paix","status":"publish","type":"page","link":"https:\/\/sinai-it.xyz\/fr\/sinai-pour-la-paix\/","title":{"rendered":"PAIX ENTRE LES CULTURES ET LES RELIGIONS"},"content":{"rendered":"\n<p>Nous ne pouvons pas nier que la culture et la religion sont souvent \u00e0 l\u2019origine de conflits violents et de guerres. La paix dans le monde n\u00e9cessite une grande compr\u00e9hension entre les diff\u00e9rentes cultures et religions. C\u2019est ici que l\u2019Association Sinai fait preuve d\u2019une grande ouverture d\u2019esprit en promouvant la compr\u00e9hension et le respect du prochain, en d\u00e9veloppant une connaissance approfondie des diff\u00e9rentes religions et en cherchant ainsi \u00e0 maintenir l\u2019\u00e9quilibre de la paix entre les peuples.<\/p>\n\n\n\n    <div id=\"projects\" data-isotope='{\"layoutMode\": \"masonry\"}' class=\"row\">        <div class=\"col-md-6 mb-4 bootstrap grid-item\">\n            <!--<a href=\"#!\" class=\"card-hover\">-->\n                <div class=\"overflow-hidden position-relative mb-4\">\n                    <img decoding=\"async\" src=\"https:\/\/sinai-it.xyz\/fr\/wp-content\/uploads\/sites\/3\/2026\/02\/Dialogo-1.jpeg\" alt=\"\" class=\"img-zoom img-fluid\">\n                <\/div>\n                <!--\n                <h5 class=\"mb-1\"><\/h5>\n                <span class=\"text-body-secondary\"><\/span>\n                -->\n            <!--<\/a>-->\n        <\/div>\n            <div class=\"col-md-6 mb-4 figma grid-item\">\n            <!--<a href=\"#!\" class=\"card-hover\">-->\n                <div class=\"overflow-hidden position-relative mb-4\">\n                    <img decoding=\"async\" src=\"https:\/\/sinai-it.xyz\/fr\/wp-content\/uploads\/sites\/3\/2026\/02\/Conferenza-1.jpeg\" alt=\"\" class=\"img-zoom img-fluid\">\n                <\/div>\n                <!--\n                <h5 class=\"mb-1\"><\/h5>\n                <span class=\"text-body-secondary\"><\/span>\n                -->\n            <!--<\/a>-->\n        <\/div>\n    <\/div>","protected":false},"excerpt":{"rendered":"<p>Nous ne pouvons pas nier que la culture et la religion sont souvent \u00e0 l\u2019origine de conflits violents et de guerres. La paix dans le monde n\u00e9cessite une grande compr\u00e9hension entre les diff\u00e9rentes cultures et religions. C\u2019est ici que l\u2019Association Sinai fait preuve d\u2019une grande ouverture d\u2019esprit en promouvant la compr\u00e9hension et le respect du [&hellip;]<\/p>\n","protected":false},"author":1,"featured_media":331,"parent":0,"menu_order":0,"comment_status":"closed","ping_status":"closed","template":"","meta":{"_acf_changed":false,"footnotes":""},"tags":[],"class_list":["post-73","page","type-page","status-publish","has-post-thumbnail","hentry"],"acf":[],"_links":{"self":[{"href":"https:\/\/sinai-it.xyz\/fr\/wp-json\/wp\/v2\/pages\/73","targetHints":{"allow":["GET"]}}],"collection":[{"href":"https:\/\/sinai-it.xyz\/fr\/wp-json\/wp\/v2\/pages"}],"about":[{"href":"https:\/\/sinai-it.xyz\/fr\/wp-json\/wp\/v2\/types\/page"}],"author":[{"embeddable":true,"href":"https:\/\/sinai-it.xyz\/fr\/wp-json\/wp\/v2\/users\/1"}],"replies":[{"embeddable":true,"href":"https:\/\/sinai-it.xyz\/fr\/wp-json\/wp\/v2\/comments?post=73"}],"version-history":[{"count":4,"href":"https:\/\/sinai-it.xyz\/fr\/wp-json\/wp\/v2\/pages\/73\/revisions"}],"predecessor-version":[{"id":386,"href":"https:\/\/sinai-it.xyz\/fr\/wp-json\/wp\/v2\/pages\/73\/revisions\/386"}],"wp:featuredmedia":[{"embeddable":true,"href":"https:\/\/sinai-it.xyz\/fr\/wp-json\/wp\/v2\/media\/331"}],"wp:attachment":[{"href":"https:\/\/sinai-it.xyz\/fr\/wp-json\/wp\/v2\/media?parent=73"}],"wp:term":[{"taxonomy":"post_tag","embeddable":true,"href":"https:\/\/sinai-it.xyz\/fr\/wp-json\/wp\/v2\/tags?post=73"}],"curies":[{"name":"wp","href":"https:\/\/api.w.org\/{rel}","templated":true}]}}