{"id":92,"date":"2026-02-17T13:40:24","date_gmt":"2026-02-17T13:40:24","guid":{"rendered":"https:\/\/sinai-it.xyz\/fr\/?page_id=92"},"modified":"2026-03-07T08:30:21","modified_gmt":"2026-03-07T08:30:21","slug":"femmes-au-pakistan","status":"publish","type":"page","link":"https:\/\/sinai-it.xyz\/fr\/pakistan\/femmes-au-pakistan\/","title":{"rendered":"Pakistan \u2013 \u00c9ducation et formation des femmes"},"content":{"rendered":"\n<p>Sinai offre aux jeunes filles, aux femmes et aux m\u00e8res une \u00e9ducation \u00e0 travers le projet \u00ab \u00c9ducation et formation pour les femmes \u00bb, qui comprend des cours de langue et un cours de couture, leur permettant d\u2019acqu\u00e9rir des comp\u00e9tences professionnelles et de se construire un avenir meilleur ainsi qu\u2019une vie digne.<\/p>\n\n\n<section class=\"position-relative overflow-hidden\">\n    <!-- Swiper slider -->\n    <div class=\"swiper-container swiper-classic\">\n        <!-- Swiper wrapper -->\n        <div class=\"swiper-wrapper\">\n            <!-- slide item -->\n                            <div class=\"swiper-slide\" style=\"background-image:url('https:\/\/sinai-it.xyz\/fr\/wp-content\/uploads\/sites\/3\/2026\/02\/donne-pakistan-sinai-como-italy-44-1024x768-1.jpg')\">\n                    <div class=\"position-absolute start-0 top-0 w-100 h-100\"><\/div>\n                    <div class=\"container-fluid text-white d-flex align-items-center h-100\">\n                        <div class=\"row pt-5 w-100\">\n                            <div class=\"col-xl-8 col-lg-10 mx-auto text-center\">\n                            <\/div>\n                        <\/div>\n                    <\/div>\n                <\/div>\n                                <div class=\"swiper-slide\" style=\"background-image:url('https:\/\/sinai-it.xyz\/fr\/wp-content\/uploads\/sites\/3\/2026\/02\/donne-pakistan-sinai-como-italy-42-1.jpg')\">\n                    <div class=\"position-absolute start-0 top-0 w-100 h-100\"><\/div>\n                    <div class=\"container-fluid text-white d-flex align-items-center h-100\">\n                        <div class=\"row pt-5 w-100\">\n                            <div class=\"col-xl-8 col-lg-10 mx-auto text-center\">\n                            <\/div>\n                        <\/div>\n                    <\/div>\n                <\/div>\n                                <div class=\"swiper-slide\" style=\"background-image:url('https:\/\/sinai-it.xyz\/fr\/wp-content\/uploads\/sites\/3\/2026\/02\/donne-pakistan-sinai-como-italy-41-1024x768-1.jpg')\">\n                    <div class=\"position-absolute start-0 top-0 w-100 h-100\"><\/div>\n                    <div class=\"container-fluid text-white d-flex align-items-center h-100\">\n                        <div class=\"row pt-5 w-100\">\n                            <div class=\"col-xl-8 col-lg-10 mx-auto text-center\">\n                            <\/div>\n                        <\/div>\n                    <\/div>\n                <\/div>\n                                <div class=\"swiper-slide\" style=\"background-image:url('https:\/\/sinai-it.xyz\/fr\/wp-content\/uploads\/sites\/3\/2026\/02\/donne-pakistan-sinai-como-italy-38-1024x768-1.jpg')\">\n                    <div class=\"position-absolute start-0 top-0 w-100 h-100\"><\/div>\n                    <div class=\"container-fluid text-white d-flex align-items-center h-100\">\n                        <div class=\"row pt-5 w-100\">\n                            <div class=\"col-xl-8 col-lg-10 mx-auto text-center\">\n                            <\/div>\n                        <\/div>\n                    <\/div>\n                <\/div>\n                                <div class=\"swiper-slide\" style=\"background-image:url('https:\/\/sinai-it.xyz\/fr\/wp-content\/uploads\/sites\/3\/2026\/02\/donne-pakistan-sinai-como-italy-36-1024x768-1.jpg')\">\n                    <div class=\"position-absolute start-0 top-0 w-100 h-100\"><\/div>\n                    <div class=\"container-fluid text-white d-flex align-items-center h-100\">\n                        <div class=\"row pt-5 w-100\">\n                            <div class=\"col-xl-8 col-lg-10 mx-auto text-center\">\n                            <\/div>\n                        <\/div>\n                    <\/div>\n                <\/div>\n                                <div class=\"swiper-slide\" style=\"background-image:url('https:\/\/sinai-it.xyz\/fr\/wp-content\/uploads\/sites\/3\/2026\/02\/donne-pakistan-sinai-como-italy-26.jpg')\">\n                    <div class=\"position-absolute start-0 top-0 w-100 h-100\"><\/div>\n                    <div class=\"container-fluid text-white d-flex align-items-center h-100\">\n                        <div class=\"row pt-5 w-100\">\n                            <div class=\"col-xl-8 col-lg-10 mx-auto text-center\">\n                            <\/div>\n                        <\/div>\n                    <\/div>\n                <\/div>\n                                <div class=\"swiper-slide\" style=\"background-image:url('https:\/\/sinai-it.xyz\/fr\/wp-content\/uploads\/sites\/3\/2026\/02\/donne-pakistan-sinai-como-italy-23.jpg')\">\n                    <div class=\"position-absolute start-0 top-0 w-100 h-100\"><\/div>\n                    <div class=\"container-fluid text-white d-flex align-items-center h-100\">\n                        <div class=\"row pt-5 w-100\">\n                            <div class=\"col-xl-8 col-lg-10 mx-auto text-center\">\n                            <\/div>\n                        <\/div>\n                    <\/div>\n                <\/div>\n                                <div class=\"swiper-slide\" style=\"background-image:url('https:\/\/sinai-it.xyz\/fr\/wp-content\/uploads\/sites\/3\/2026\/02\/donne-pakistan-sinai-como-italy-18-1024x576-1.jpg')\">\n                    <div class=\"position-absolute start-0 top-0 w-100 h-100\"><\/div>\n                    <div class=\"container-fluid text-white d-flex align-items-center h-100\">\n                        <div class=\"row pt-5 w-100\">\n                            <div class=\"col-xl-8 col-lg-10 mx-auto text-center\">\n                            <\/div>\n                        <\/div>\n                    <\/div>\n                <\/div>\n                        <\/div>\n        <!-- Slider pagination -->\n        <div class=\"swiper-pagination swiperClassic-pagination text-white\"><\/div>\n        <!-- Slider Arrow -->\n        <div class=\"swiper-button-prev swiperClassic-button-prev bg-transparent width-5x height-5x text-white\">\n        <\/div>\n        <!-- Slider Arrow -->\n        <div class=\"swiper-button-next swiperClassic-button-next bg-transparent width-5x height-5x text-white\">\n        <\/div>\n    <\/div>\n<\/section>\n<!--\/.Slider end-->","protected":false},"excerpt":{"rendered":"<p>Sinai offre aux jeunes filles, aux femmes et aux m\u00e8res une \u00e9ducation \u00e0 travers le projet \u00ab \u00c9ducation et formation pour les femmes \u00bb, qui comprend des cours de langue et un cours de couture, leur permettant d\u2019acqu\u00e9rir des comp\u00e9tences professionnelles et de se construire un avenir meilleur ainsi qu\u2019une vie digne.<\/p>\n","protected":false},"author":1,"featured_media":105,"parent":36,"menu_order":0,"comment_status":"closed","ping_status":"closed","template":"","meta":{"_acf_changed":false,"footnotes":""},"tags":[],"class_list":["post-92","page","type-page","status-publish","has-post-thumbnail","hentry"],"acf":[],"_links":{"self":[{"href":"https:\/\/sinai-it.xyz\/fr\/wp-json\/wp\/v2\/pages\/92","targetHints":{"allow":["GET"]}}],"collection":[{"href":"https:\/\/sinai-it.xyz\/fr\/wp-json\/wp\/v2\/pages"}],"about":[{"href":"https:\/\/sinai-it.xyz\/fr\/wp-json\/wp\/v2\/types\/page"}],"author":[{"embeddable":true,"href":"https:\/\/sinai-it.xyz\/fr\/wp-json\/wp\/v2\/users\/1"}],"replies":[{"embeddable":true,"href":"https:\/\/sinai-it.xyz\/fr\/wp-json\/wp\/v2\/comments?post=92"}],"version-history":[{"count":8,"href":"https:\/\/sinai-it.xyz\/fr\/wp-json\/wp\/v2\/pages\/92\/revisions"}],"predecessor-version":[{"id":399,"href":"https:\/\/sinai-it.xyz\/fr\/wp-json\/wp\/v2\/pages\/92\/revisions\/399"}],"up":[{"embeddable":true,"href":"https:\/\/sinai-it.xyz\/fr\/wp-json\/wp\/v2\/pages\/36"}],"wp:featuredmedia":[{"embeddable":true,"href":"https:\/\/sinai-it.xyz\/fr\/wp-json\/wp\/v2\/media\/105"}],"wp:attachment":[{"href":"https:\/\/sinai-it.xyz\/fr\/wp-json\/wp\/v2\/media?parent=92"}],"wp:term":[{"taxonomy":"post_tag","embeddable":true,"href":"https:\/\/sinai-it.xyz\/fr\/wp-json\/wp\/v2\/tags?post=92"}],"curies":[{"name":"wp","href":"https:\/\/api.w.org\/{rel}","templated":true}]}}